{"id":3246,"date":"2022-02-07T11:33:24","date_gmt":"2022-02-07T11:33:24","guid":{"rendered":"https:\/\/catedralbcn.org\/?page_id=3246"},"modified":"2025-09-25T13:08:15","modified_gmt":"2025-09-25T11:08:15","slug":"visitable-spaces","status":"publish","type":"page","link":"https:\/\/catedralbcn.org\/en\/tourist-visit\/visitable-spaces\/","title":{"rendered":"Visitable spaces"},"content":{"rendered":"[vc_row type=&#8221;in_container&#8221; full_screen_row_position=&#8221;middle&#8221; column_margin=&#8221;default&#8221; column_direction=&#8221;default&#8221; column_direction_tablet=&#8221;default&#8221; column_direction_phone=&#8221;default&#8221; scene_position=&#8221;center&#8221; text_color=&#8221;dark&#8221; text_align=&#8221;left&#8221; row_border_radius=&#8221;none&#8221; row_border_radius_applies=&#8221;bg&#8221; overflow=&#8221;visible&#8221; overlay_strength=&#8221;0.3&#8243; gradient_direction=&#8221;left_to_right&#8221; shape_divider_position=&#8221;bottom&#8221; bg_image_animation=&#8221;none&#8221; shape_type=&#8221;&#8221;][vc_column column_padding=&#8221;no-extra-padding&#8221; column_padding_tablet=&#8221;inherit&#8221; column_padding_phone=&#8221;inherit&#8221; column_padding_position=&#8221;all&#8221; column_element_direction_desktop=&#8221;default&#8221; column_element_spacing=&#8221;default&#8221; desktop_text_alignment=&#8221;default&#8221; tablet_text_alignment=&#8221;default&#8221; phone_text_alignment=&#8221;default&#8221; background_color_opacity=&#8221;1&#8243; background_hover_color_opacity=&#8221;1&#8243; column_backdrop_filter=&#8221;none&#8221; column_shadow=&#8221;none&#8221; column_border_radius=&#8221;none&#8221; column_link_target=&#8221;_self&#8221; column_position=&#8221;default&#8221; gradient_direction=&#8221;left_to_right&#8221; overlay_strength=&#8221;0.3&#8243; width=&#8221;1\/1&#8243; tablet_width_inherit=&#8221;default&#8221; animation_type=&#8221;default&#8221; bg_image_animation=&#8221;none&#8221; border_type=&#8221;simple&#8221; column_border_width=&#8221;none&#8221; column_border_style=&#8221;solid&#8221;][divider line_type=&#8221;Small Line&#8221; line_alignment=&#8221;default&#8221; line_thickness=&#8221;4&#8243; divider_color=&#8221;accent-color&#8221; animate=&#8221;yes&#8221; custom_height=&#8221;100&#8243; custom_line_width=&#8221;100&#8243;][\/vc_column][\/vc_row][vc_row type=&#8221;in_container&#8221; full_screen_row_position=&#8221;middle&#8221; column_margin=&#8221;default&#8221; column_direction=&#8221;default&#8221; column_direction_tablet=&#8221;default&#8221; column_direction_phone=&#8221;default&#8221; scene_position=&#8221;center&#8221; text_color=&#8221;dark&#8221; text_align=&#8221;left&#8221; row_border_radius=&#8221;none&#8221; row_border_radius_applies=&#8221;bg&#8221; overflow=&#8221;visible&#8221; overlay_strength=&#8221;0.3&#8243; gradient_direction=&#8221;left_to_right&#8221; shape_divider_position=&#8221;bottom&#8221; bg_image_animation=&#8221;none&#8221;][vc_column column_padding=&#8221;no-extra-padding&#8221; column_padding_tablet=&#8221;inherit&#8221; column_padding_phone=&#8221;inherit&#8221; column_padding_position=&#8221;all&#8221; column_element_direction_desktop=&#8221;default&#8221; column_element_spacing=&#8221;default&#8221; desktop_text_alignment=&#8221;default&#8221; tablet_text_alignment=&#8221;default&#8221; phone_text_alignment=&#8221;default&#8221; background_color_opacity=&#8221;1&#8243; background_hover_color_opacity=&#8221;1&#8243; column_backdrop_filter=&#8221;none&#8221; column_shadow=&#8221;none&#8221; column_border_radius=&#8221;none&#8221; column_link_target=&#8221;_self&#8221; column_position=&#8221;default&#8221; gradient_direction=&#8221;left_to_right&#8221; overlay_strength=&#8221;0.3&#8243; width=&#8221;1\/1&#8243; tablet_width_inherit=&#8221;default&#8221; animation_type=&#8221;default&#8221; bg_image_animation=&#8221;none&#8221; border_type=&#8221;simple&#8221; column_border_width=&#8221;none&#8221; column_border_style=&#8221;solid&#8221;][tabbed_section style=&#8221;vertical_scrolling&#8221; tab_color=&#8221;Accent-Color&#8221; vs_content_animation=&#8221;fade&#8221; vs_link_animation=&#8221;opacity&#8221; vs_navigation_alignment=&#8221;left&#8221; vs_navigation_width_2=&#8221;25%&#8221; vs_navigation_func=&#8221;default&#8221; vs_navigation_width=&#8221;regular&#8221; vs_navigation_spacing=&#8221;15px&#8221; vs_navigation_mobile_display=&#8221;visible&#8221; vs_tab_spacing=&#8221;10%&#8221; vs_tab_tag=&#8221;p&#8221; vs_cta_style=&#8221;see-through&#8221; vs_cta_bg_color=&#8221;default&#8221; vs_cta_heading_tag=&#8221;h6&#8243;][tab icon_family=&#8221;none&#8221; title=&#8221;The Cathedral floor and cloister&#8221; id=&#8221;1758798449144-10&#8243; tab_id=&#8221;1758798449145-3&#8243;][vc_column_text]\n<h2>The Cathedral floor and cloister<\/h2>\n[\/vc_column_text][divider line_type=&#8221;Small Line&#8221; line_alignment=&#8221;default&#8221; line_thickness=&#8221;4&#8243; divider_color=&#8221;accent-color&#8221; animate=&#8221;yes&#8221; custom_height=&#8221;100&#8243; custom_line_width=&#8221;50&#8243;][vc_column_text]The Cloister of the Cathedral is in the Gothic style and was constructed in the 14th and 15th centuries by architects like Andreu Escuder and sculptors like Antoni Claper\u00f3s.<\/p>\n<p>The Cloister is entered through the external doors of the Pieta and of Saint Eulalia. The interior Cloister door, between the Cathedral and the Cloister, is Romanesque, made of white marble and has archivolts decorated with geometric patterns and a Gothic pediment. It is said to have come from the former Romanesque Cathedral.<\/p>\n<p>The Cloister is rectangular and made up of four galleries with ogive arches separated by pillars. The reliefs sculpted into the pillars of the Cloister\u2019s arches show scenes from the Old Testament and from a legend about the Holy Cross, and the keystones of the vault depict scenes from the New Testament.<\/p>\n<p>The chapels arranged along its three galleries were each initially dedicated to the patron saint of an institution or guild, or were placed under the protection of a specific family. All these chapels are covered by groin vaults, most of which are quadripartite, with keystones situated at the point where the nerves meet.<\/p>\n<p>In the center of the Cloister is a garden with palm trees, magnolias, an orange tree and a fountain dating from the mid-15th century, where the traditional\u00a0<a href=\"https:\/\/catedralbcn.org\/en\/the-cathedral\/traditions\/\" target=\"_blank\" rel=\"noopener\">\u201cou com balla\u201d<\/a>\u00a0(the dancing egg) takes place each year for the celebration of Corpus Christi. There is also a large pond in the Cloister which is home for the 13 white geese of the Cathedral.[\/vc_column_text][image_with_animation image_url=&#8221;3206&#8243; image_size=&#8221;full&#8221; animation_type=&#8221;entrance&#8221; animation=&#8221;Fade In&#8221; animation_easing=&#8221;default&#8221; animation_movement_type=&#8221;transform_y&#8221; hover_animation=&#8221;none&#8221; alignment=&#8221;&#8221; border_radius=&#8221;none&#8221; box_shadow=&#8221;none&#8221; image_loading=&#8221;default&#8221; max_width=&#8221;100%&#8221; max_width_mobile=&#8221;default&#8221;][\/tab][tab icon_family=&#8221;none&#8221; title=&#8221;The roof&#8221; id=&#8221;1758798449237-6&#8243; tab_id=&#8221;1758798449238-1&#8243;][vc_column_text]\n<h2>The roof<\/h2>\n[\/vc_column_text][divider line_type=&#8221;Small Line&#8221; line_alignment=&#8221;default&#8221; line_thickness=&#8221;4&#8243; divider_color=&#8221;accent-color&#8221; animate=&#8221;yes&#8221; custom_height=&#8221;100&#8243; custom_line_width=&#8221;50&#8243;][vc_column_text]The elevator taking visitors to the rooftops can be accessed though the chapel of the Innocent Saints, next to the door of San Ivo. From the rooftops, we can see the two bell towers, the two lateral pinnacles, the cimborio crowned by the Holy Cross (sustained by the image of Saint Helena), the Cloister and a spectacular panoramic view of Barcelona.[\/vc_column_text][image_with_animation image_url=&#8221;3209&#8243; image_size=&#8221;full&#8221; animation_type=&#8221;entrance&#8221; animation=&#8221;Fade In&#8221; animation_easing=&#8221;default&#8221; animation_movement_type=&#8221;transform_y&#8221; hover_animation=&#8221;none&#8221; alignment=&#8221;&#8221; border_radius=&#8221;none&#8221; box_shadow=&#8221;none&#8221; image_loading=&#8221;default&#8221; max_width=&#8221;100%&#8221; max_width_mobile=&#8221;default&#8221;][\/tab][tab icon_family=&#8221;none&#8221; title=&#8221;The choir with the golden fleece choir stalls&#8221; id=&#8221;1758798449331-6&#8243; tab_id=&#8221;1758798449332-7&#8243;][vc_column_text]\n<h2>The choir with the golden fleece choir stalls<\/h2>\n[\/vc_column_text][divider line_type=&#8221;Small Line&#8221; line_alignment=&#8221;default&#8221; line_thickness=&#8221;4&#8243; divider_color=&#8221;accent-color&#8221; animate=&#8221;yes&#8221; custom_height=&#8221;100&#8243; custom_line_width=&#8221;50&#8243;][vc_column_text]Construction of the Cathedral\u2019s choir started up in 1390 under the mandate of Bishop Raymond d\u2019Escales. The stalls are one of the most significant sculptural works in the Catalan Gothic style. The canopies and pinnacles were made by the sculptor Michael Lochner and his disciple Johan Friedrich at the end of the 15th century. The commemorative shields painted by Juan de Borgo\u00f1a on the choir stalls date from 1517-18 and relate to the knights of the order of the Golden Fleece who were convoked by their Master, the Emperor Charles V, to meet in Barcelona in 1519.<\/p>\n<p>At the entrance to the choir on the right is the wooden pulpit carved by the sculptor Pedro \u00c7anglada in 1403.<\/p>\n<p>The retrochoir was commenced in 1519 by the sculptor Bartolom\u00e9 Ord\u00f3\u00f1ez. It is a Doric colonnade crowned by a balustrade. Between its columns are four scenes sculpted in relief of the life of Saint Eulalia, two on each side of the door, and at each end are recesses with free-standing sculptures.[\/vc_column_text][image_with_animation image_url=&#8221;3212&#8243; image_size=&#8221;full&#8221; animation_type=&#8221;entrance&#8221; animation=&#8221;Fade In&#8221; animation_easing=&#8221;default&#8221; animation_movement_type=&#8221;transform_y&#8221; hover_animation=&#8221;none&#8221; alignment=&#8221;&#8221; border_radius=&#8221;none&#8221; box_shadow=&#8221;none&#8221; image_loading=&#8221;default&#8221; max_width=&#8221;100%&#8221; max_width_mobile=&#8221;default&#8221;][\/tab][tab icon_family=&#8221;none&#8221; title=&#8221;The Chapter Hall&#8221; id=&#8221;1758798449405-5&#8243; tab_id=&#8221;1758798449406-3&#8243;][vc_column_text]\n<h2>The Chapter Hall<\/h2>\n[\/vc_column_text][divider line_type=&#8221;Small Line&#8221; line_alignment=&#8221;default&#8221; line_thickness=&#8221;4&#8243; divider_color=&#8221;accent-color&#8221; animate=&#8221;yes&#8221; custom_height=&#8221;100&#8243; custom_line_width=&#8221;50&#8243;][vc_column_text]The historic Chapter Hall, converted into a museum space, is located under the gallery of the Cloister, next to the chapel dedicated to Saint Lucia. Originally, it was the site of a soup kitchen for the poor.<\/p>\n<p>Of special interest inside the Chapter Hall are the 11th-century lobed baptism font from the former Romanesque temple and the terracotta sculpture of Saint Eulalia by Giuliano di Nofri, from the pediment over the door of Saint Eulalia. There are also paintings such as the Gothic altarpiece of Saint Bernardino and the Guardian Angel (1465-1470) by Jaume Huguet, and<a href=\"https:\/\/catedralbcn.org\/en\/the-cathedral\/building\/\" target=\"_blank\" rel=\"noopener\">\u00a0the Pieta<\/a>, (1490) painted on a wooden panel by Bartolom\u00e9 Bermejo, also known as the <em>Pieta of Canon Despl\u00e0<\/em>. Another significant piece is the\u00a0<a href=\"https:\/\/catedralbcn.org\/en\/the-cathedral\/building\/\" target=\"_blank\" rel=\"noopener\">monstrance<\/a>, from the late-14th century, made up from the campaign throne of King Martin the Humane.[\/vc_column_text][image_with_animation image_url=&#8221;3215&#8243; image_size=&#8221;full&#8221; animation_type=&#8221;entrance&#8221; animation=&#8221;Fade In&#8221; animation_easing=&#8221;default&#8221; animation_movement_type=&#8221;transform_y&#8221; hover_animation=&#8221;none&#8221; alignment=&#8221;&#8221; border_radius=&#8221;none&#8221; box_shadow=&#8221;none&#8221; image_loading=&#8221;default&#8221; max_width=&#8221;100%&#8221; max_width_mobile=&#8221;default&#8221;][\/tab][tab icon_family=&#8221;none&#8221; title=&#8221;Jewish memory in the Cathedral&#8221; id=&#8221;1758798449471-8&#8243; tab_id=&#8221;1758798449472-6&#8243;][vc_column_text]\n<h2>Jewish memory in the Cathedral<\/h2>\n[\/vc_column_text][divider line_type=&#8221;Small Line&#8221; line_alignment=&#8221;default&#8221; line_thickness=&#8221;4&#8243; divider_color=&#8221;accent-color&#8221; animate=&#8221;yes&#8221; custom_height=&#8221;100&#8243; custom_line_width=&#8221;50&#8243;][vc_column_text]The Chapter Archive preserves thousands of parchments and books that explain the history of the city. Part of this history is related to the Jewish community that lived together and shared daily life with the rest of the communities.<\/p>\n<p>The legal documents (purchases, rentals, wills&#8230;) that are preserved help to reconstruct the personal history of those who lived in the Jewish Quarter.<\/p>\n<p>By entering the Old Archive of 1535, with a sample of the original documentation (in Latin, Hebrew and Catalan), we approach written testimonies that give a voice to the inhabitants of medieval Barcelona.[\/vc_column_text][image_with_animation image_url=&#8221;4785&#8243; image_size=&#8221;full&#8221; animation_type=&#8221;entrance&#8221; animation=&#8221;Fade In&#8221; animation_easing=&#8221;default&#8221; animation_movement_type=&#8221;transform_y&#8221; hover_animation=&#8221;none&#8221; alignment=&#8221;&#8221; border_radius=&#8221;none&#8221; box_shadow=&#8221;none&#8221; image_loading=&#8221;default&#8221; max_width=&#8221;100%&#8221; max_width_mobile=&#8221;default&#8221;][\/tab][tab icon_family=&#8221;none&#8221; title=&#8221;The Saint Christ of Lepanto\u2019s Chapel&#8221; id=&#8221;1758798449547-0&#8243; tab_id=&#8221;1758798449548-3&#8243;][vc_column_text]\n<h2>The Saint Christ of Lepanto\u2019s Chapel<\/h2>\n[\/vc_column_text][divider line_type=&#8221;Small Line&#8221; line_alignment=&#8221;default&#8221; line_thickness=&#8221;4&#8243; divider_color=&#8221;accent-color&#8221; animate=&#8221;yes&#8221; custom_height=&#8221;100&#8243; custom_line_width=&#8221;50&#8243;][vc_column_text]The Chapel of the Holy Sacrament and of the Holy Christ of Lepanto was constructed by Arnau Bargu\u00e9s in 1407.<\/p>\n<p>It was the Chapterhouse of the Cathedral until 1676, when Saint Olegarius was canonized and the room became his mausoleum.<\/p>\n<p>The Chapel of the Holy Sacrament has a rectangular floor plan, covered by a great star vault. The central keystone of the chapel represents the Pentecost and was created by the sculptor Joan Claper\u00f3s in 1454.<\/p>\n<p>Inside the chapel is the Baroque sepulcher of\u00a0<a href=\"https:\/\/catedralbcn.org\/en\/worship-and-prayer\/saints\/saint-olegarius\/\" target=\"_blank\" rel=\"noopener\">Saint Olegarius<\/a>\u00a0\u2013 bishop of Barcelona \u2013 and, above that, the\u00a0<a href=\"https:\/\/catedralbcn.org\/en\/worship-and-prayer\/saints\/holy-christ-of-lepanto\/\" target=\"_blank\" rel=\"noopener\">Holy Christ of Lepanto<\/a>\u00a0dating from the 16th century.<\/p>\n<p>This chapel is dedicated to worship and prayer. Please do not enter or take pictures during the celebrations.[\/vc_column_text][image_with_animation image_url=&#8221;12058&#8243; image_size=&#8221;full&#8221; animation_type=&#8221;entrance&#8221; animation=&#8221;Fade In&#8221; animation_easing=&#8221;default&#8221; animation_movement_type=&#8221;transform_y&#8221; hover_animation=&#8221;none&#8221; alignment=&#8221;&#8221; border_radius=&#8221;none&#8221; box_shadow=&#8221;none&#8221; image_loading=&#8221;default&#8221; max_width=&#8221;100%&#8221; max_width_mobile=&#8221;default&#8221;][\/tab][\/tabbed_section][\/vc_column][\/vc_row]\n","protected":false},"excerpt":{"rendered":"<p>[vc_row type=&#8221;in_container&#8221; full_screen_row_position=&#8221;middle&#8221; column_margin=&#8221;default&#8221; column_direction=&#8221;default&#8221; column_direction_tablet=&#8221;default&#8221; column_direction_phone=&#8221;default&#8221; scene_position=&#8221;center&#8221; text_color=&#8221;dark&#8221; text_align=&#8221;left&#8221; row_border_radius=&#8221;none&#8221; row_border_radius_applies=&#8221;bg&#8221; overflow=&#8221;visible&#8221; overlay_strength=&#8221;0.3&#8243; gradient_direction=&#8221;left_to_right&#8221; shape_divider_position=&#8221;bottom&#8221; bg_image_animation=&#8221;none&#8221; shape_type=&#8221;&#8221;][vc_column column_padding=&#8221;no-extra-padding&#8221; column_padding_tablet=&#8221;inherit&#8221; column_padding_phone=&#8221;inherit&#8221; column_padding_position=&#8221;all&#8221; column_element_direction_desktop=&#8221;default&#8221; column_element_spacing=&#8221;default&#8221; desktop_text_alignment=&#8221;default&#8221; tablet_text_alignment=&#8221;default&#8221; phone_text_alignment=&#8221;default&#8221; background_color_opacity=&#8221;1&#8243; background_hover_color_opacity=&#8221;1&#8243; column_backdrop_filter=&#8221;none&#8221;&#8230;<\/p>\n","protected":false},"author":1,"featured_media":0,"parent":2467,"menu_order":0,"comment_status":"closed","ping_status":"closed","template":"","meta":{"xn-wppe-expiration":[],"xn-wppe-expiration-action":[],"xn-wppe-expiration-prefix":[],"footnotes":"","_links_to":"","_links_to_target":""},"class_list":["post-3246","page","type-page","status-publish"],"yoast_head":"<!-- This site is optimized with the Yoast SEO plugin v23.7 - https:\/\/yoast.com\/wordpress\/plugins\/seo\/ -->\n<title>Visitable spaces - SANTA ESGL\u00c9SIA CATEDRAL BAS\u00cdLICA METROPOLITANA DE BARCELONA<\/title>\n<meta name=\"robots\" content=\"index, follow, max-snippet:-1, max-image-preview:large, max-video-preview:-1\" \/>\n<link rel=\"canonical\" href=\"https:\/\/catedralbcn.org\/en\/tourist-visit\/visitable-spaces\/\" \/>\n<meta property=\"og:locale\" content=\"en_US\" \/>\n<meta property=\"og:type\" content=\"article\" \/>\n<meta property=\"og:title\" content=\"Visitable spaces - SANTA ESGL\u00c9SIA CATEDRAL BAS\u00cdLICA METROPOLITANA DE BARCELONA\" \/>\n<meta property=\"og:description\" content=\"[vc_row type=&#8221;in_container&#8221; full_screen_row_position=&#8221;middle&#8221; column_margin=&#8221;default&#8221; column_direction=&#8221;default&#8221; column_direction_tablet=&#8221;default&#8221; column_direction_phone=&#8221;default&#8221; scene_position=&#8221;center&#8221; text_color=&#8221;dark&#8221; text_align=&#8221;left&#8221; row_border_radius=&#8221;none&#8221; row_border_radius_applies=&#8221;bg&#8221; overflow=&#8221;visible&#8221; overlay_strength=&#8221;0.3&#8243; gradient_direction=&#8221;left_to_right&#8221; shape_divider_position=&#8221;bottom&#8221; bg_image_animation=&#8221;none&#8221; shape_type=&#8221;&#8221;][vc_column column_padding=&#8221;no-extra-padding&#8221; column_padding_tablet=&#8221;inherit&#8221; column_padding_phone=&#8221;inherit&#8221; column_padding_position=&#8221;all&#8221; column_element_direction_desktop=&#8221;default&#8221; column_element_spacing=&#8221;default&#8221; desktop_text_alignment=&#8221;default&#8221; tablet_text_alignment=&#8221;default&#8221; phone_text_alignment=&#8221;default&#8221; background_color_opacity=&#8221;1&#8243; background_hover_color_opacity=&#8221;1&#8243; column_backdrop_filter=&#8221;none&#8221;...\" \/>\n<meta property=\"og:url\" content=\"https:\/\/catedralbcn.org\/en\/tourist-visit\/visitable-spaces\/\" \/>\n<meta property=\"og:site_name\" content=\"SANTA ESGL\u00c9SIA CATEDRAL BAS\u00cdLICA METROPOLITANA DE BARCELONA\" \/>\n<meta property=\"article:modified_time\" content=\"2025-09-25T11:08:15+00:00\" \/>\n<meta name=\"twitter:card\" content=\"summary_large_image\" \/>\n<meta name=\"twitter:label1\" content=\"Est. reading time\" \/>\n\t<meta name=\"twitter:data1\" content=\"7 minutes\" \/>\n<script type=\"application\/ld+json\" class=\"yoast-schema-graph\">{\"@context\":\"https:\/\/schema.org\",\"@graph\":[{\"@type\":\"WebPage\",\"@id\":\"https:\/\/catedralbcn.org\/en\/tourist-visit\/visitable-spaces\/\",\"url\":\"https:\/\/catedralbcn.org\/en\/tourist-visit\/visitable-spaces\/\",\"name\":\"Visitable spaces - SANTA ESGL\u00c9SIA CATEDRAL BAS\u00cdLICA METROPOLITANA DE BARCELONA\",\"isPartOf\":{\"@id\":\"https:\/\/catedralbcn.org\/en\/#website\"},\"datePublished\":\"2022-02-07T11:33:24+00:00\",\"dateModified\":\"2025-09-25T11:08:15+00:00\",\"breadcrumb\":{\"@id\":\"https:\/\/catedralbcn.org\/en\/tourist-visit\/visitable-spaces\/#breadcrumb\"},\"inLanguage\":\"en-US\",\"potentialAction\":[{\"@type\":\"ReadAction\",\"target\":[\"https:\/\/catedralbcn.org\/en\/tourist-visit\/visitable-spaces\/\"]}]},{\"@type\":\"BreadcrumbList\",\"@id\":\"https:\/\/catedralbcn.org\/en\/tourist-visit\/visitable-spaces\/#breadcrumb\",\"itemListElement\":[{\"@type\":\"ListItem\",\"position\":1,\"name\":\"Home\",\"item\":\"https:\/\/catedralbcn.org\/en\/\"},{\"@type\":\"ListItem\",\"position\":2,\"name\":\"Tourist visit\",\"item\":\"https:\/\/catedralbcn.org\/en\/tourist-visit\/\"},{\"@type\":\"ListItem\",\"position\":3,\"name\":\"Visitable spaces\"}]},{\"@type\":\"WebSite\",\"@id\":\"https:\/\/catedralbcn.org\/en\/#website\",\"url\":\"https:\/\/catedralbcn.org\/en\/\",\"name\":\"SANTA ESGL\u00c9SIA CATEDRAL BAS\u00cdLICA METROPOLITANA DE BARCELONA\",\"description\":\"Catedral de Barcelona\",\"potentialAction\":[{\"@type\":\"SearchAction\",\"target\":{\"@type\":\"EntryPoint\",\"urlTemplate\":\"https:\/\/catedralbcn.org\/en\/?s={search_term_string}\"},\"query-input\":{\"@type\":\"PropertyValueSpecification\",\"valueRequired\":true,\"valueName\":\"search_term_string\"}}],\"inLanguage\":\"en-US\"}]}<\/script>\n<!-- \/ Yoast SEO plugin. -->","yoast_head_json":{"title":"Visitable spaces - SANTA ESGL\u00c9SIA CATEDRAL BAS\u00cdLICA METROPOLITANA DE BARCELONA","robots":{"index":"index","follow":"follow","max-snippet":"max-snippet:-1","max-image-preview":"max-image-preview:large","max-video-preview":"max-video-preview:-1"},"canonical":"https:\/\/catedralbcn.org\/en\/tourist-visit\/visitable-spaces\/","og_locale":"en_US","og_type":"article","og_title":"Visitable spaces - SANTA ESGL\u00c9SIA CATEDRAL BAS\u00cdLICA METROPOLITANA DE BARCELONA","og_description":"[vc_row type=&#8221;in_container&#8221; full_screen_row_position=&#8221;middle&#8221; column_margin=&#8221;default&#8221; column_direction=&#8221;default&#8221; column_direction_tablet=&#8221;default&#8221; column_direction_phone=&#8221;default&#8221; scene_position=&#8221;center&#8221; text_color=&#8221;dark&#8221; text_align=&#8221;left&#8221; row_border_radius=&#8221;none&#8221; row_border_radius_applies=&#8221;bg&#8221; overflow=&#8221;visible&#8221; overlay_strength=&#8221;0.3&#8243; gradient_direction=&#8221;left_to_right&#8221; shape_divider_position=&#8221;bottom&#8221; bg_image_animation=&#8221;none&#8221; shape_type=&#8221;&#8221;][vc_column column_padding=&#8221;no-extra-padding&#8221; column_padding_tablet=&#8221;inherit&#8221; column_padding_phone=&#8221;inherit&#8221; column_padding_position=&#8221;all&#8221; column_element_direction_desktop=&#8221;default&#8221; column_element_spacing=&#8221;default&#8221; desktop_text_alignment=&#8221;default&#8221; tablet_text_alignment=&#8221;default&#8221; phone_text_alignment=&#8221;default&#8221; background_color_opacity=&#8221;1&#8243; background_hover_color_opacity=&#8221;1&#8243; column_backdrop_filter=&#8221;none&#8221;...","og_url":"https:\/\/catedralbcn.org\/en\/tourist-visit\/visitable-spaces\/","og_site_name":"SANTA ESGL\u00c9SIA CATEDRAL BAS\u00cdLICA METROPOLITANA DE BARCELONA","article_modified_time":"2025-09-25T11:08:15+00:00","twitter_card":"summary_large_image","twitter_misc":{"Est. reading time":"7 minutes"},"schema":{"@context":"https:\/\/schema.org","@graph":[{"@type":"WebPage","@id":"https:\/\/catedralbcn.org\/en\/tourist-visit\/visitable-spaces\/","url":"https:\/\/catedralbcn.org\/en\/tourist-visit\/visitable-spaces\/","name":"Visitable spaces - SANTA ESGL\u00c9SIA CATEDRAL BAS\u00cdLICA METROPOLITANA DE BARCELONA","isPartOf":{"@id":"https:\/\/catedralbcn.org\/en\/#website"},"datePublished":"2022-02-07T11:33:24+00:00","dateModified":"2025-09-25T11:08:15+00:00","breadcrumb":{"@id":"https:\/\/catedralbcn.org\/en\/tourist-visit\/visitable-spaces\/#breadcrumb"},"inLanguage":"en-US","potentialAction":[{"@type":"ReadAction","target":["https:\/\/catedralbcn.org\/en\/tourist-visit\/visitable-spaces\/"]}]},{"@type":"BreadcrumbList","@id":"https:\/\/catedralbcn.org\/en\/tourist-visit\/visitable-spaces\/#breadcrumb","itemListElement":[{"@type":"ListItem","position":1,"name":"Home","item":"https:\/\/catedralbcn.org\/en\/"},{"@type":"ListItem","position":2,"name":"Tourist visit","item":"https:\/\/catedralbcn.org\/en\/tourist-visit\/"},{"@type":"ListItem","position":3,"name":"Visitable spaces"}]},{"@type":"WebSite","@id":"https:\/\/catedralbcn.org\/en\/#website","url":"https:\/\/catedralbcn.org\/en\/","name":"SANTA ESGL\u00c9SIA CATEDRAL BAS\u00cdLICA METROPOLITANA DE BARCELONA","description":"Catedral de Barcelona","potentialAction":[{"@type":"SearchAction","target":{"@type":"EntryPoint","urlTemplate":"https:\/\/catedralbcn.org\/en\/?s={search_term_string}"},"query-input":{"@type":"PropertyValueSpecification","valueRequired":true,"valueName":"search_term_string"}}],"inLanguage":"en-US"}]}},"_links":{"self":[{"href":"https:\/\/catedralbcn.org\/en\/wp-json\/wp\/v2\/pages\/3246","targetHints":{"allow":["GET"]}}],"collection":[{"href":"https:\/\/catedralbcn.org\/en\/wp-json\/wp\/v2\/pages"}],"about":[{"href":"https:\/\/catedralbcn.org\/en\/wp-json\/wp\/v2\/types\/page"}],"author":[{"embeddable":true,"href":"https:\/\/catedralbcn.org\/en\/wp-json\/wp\/v2\/users\/1"}],"replies":[{"embeddable":true,"href":"https:\/\/catedralbcn.org\/en\/wp-json\/wp\/v2\/comments?post=3246"}],"version-history":[{"count":0,"href":"https:\/\/catedralbcn.org\/en\/wp-json\/wp\/v2\/pages\/3246\/revisions"}],"up":[{"embeddable":true,"href":"https:\/\/catedralbcn.org\/en\/wp-json\/wp\/v2\/pages\/2467"}],"wp:attachment":[{"href":"https:\/\/catedralbcn.org\/en\/wp-json\/wp\/v2\/media?parent=3246"}],"curies":[{"name":"wp","href":"https:\/\/api.w.org\/{rel}","templated":true}]}}