{"id":2070,"date":"2022-01-24T12:55:31","date_gmt":"2022-01-24T12:55:31","guid":{"rendered":"https:\/\/catedralbcn.org\/?page_id=2070"},"modified":"2022-10-17T08:48:52","modified_gmt":"2022-10-17T08:48:52","slug":"historia","status":"publish","type":"page","link":"https:\/\/catedralbcn.org\/es\/la-catedral\/historia\/","title":{"rendered":"Historia"},"content":{"rendered":"[vc_row type=\u00bbin_container\u00bb full_screen_row_position=\u00bbmiddle\u00bb column_margin=\u00bbdefault\u00bb column_direction=\u00bbdefault\u00bb column_direction_tablet=\u00bbdefault\u00bb column_direction_phone=\u00bbdefault\u00bb scene_position=\u00bbcenter\u00bb text_color=\u00bbdark\u00bb text_align=\u00bbleft\u00bb row_border_radius=\u00bbnone\u00bb row_border_radius_applies=\u00bbbg\u00bb overlay_strength=\u00bb0.3&#8243; gradient_direction=\u00bbleft_to_right\u00bb shape_divider_position=\u00bbbottom\u00bb bg_image_animation=\u00bbnone\u00bb shape_type=\u00bb\u00bb][vc_column column_padding=\u00bbno-extra-padding\u00bb column_padding_tablet=\u00bbinherit\u00bb column_padding_phone=\u00bbinherit\u00bb column_padding_position=\u00bball\u00bb column_element_spacing=\u00bbdefault\u00bb background_color_opacity=\u00bb1&#8243; background_hover_color_opacity=\u00bb1&#8243; column_shadow=\u00bbnone\u00bb column_border_radius=\u00bbnone\u00bb column_link_target=\u00bb_self\u00bb gradient_direction=\u00bbleft_to_right\u00bb overlay_strength=\u00bb0.3&#8243; width=\u00bb1\/1&#8243; tablet_width_inherit=\u00bbdefault\u00bb tablet_text_alignment=\u00bbdefault\u00bb phone_text_alignment=\u00bbdefault\u00bb bg_image_animation=\u00bbnone\u00bb border_type=\u00bbsimple\u00bb column_border_width=\u00bbnone\u00bb column_border_style=\u00bbsolid\u00bb][divider line_type=\u00bbSmall Line\u00bb line_alignment=\u00bbdefault\u00bb line_thickness=\u00bb4&#8243; divider_color=\u00bbaccent-color\u00bb animate=\u00bbyes\u00bb custom_height=\u00bb100&#8243; custom_line_width=\u00bb100&#8243;][\/vc_column][\/vc_row][vc_row type=\u00bbin_container\u00bb full_screen_row_position=\u00bbmiddle\u00bb column_margin=\u00bbdefault\u00bb column_direction=\u00bbdefault\u00bb column_direction_tablet=\u00bbdefault\u00bb column_direction_phone=\u00bbdefault\u00bb scene_position=\u00bbcenter\u00bb text_color=\u00bbdark\u00bb text_align=\u00bbleft\u00bb row_border_radius=\u00bbnone\u00bb row_border_radius_applies=\u00bbbg\u00bb overlay_strength=\u00bb0.3&#8243; gradient_direction=\u00bbleft_to_right\u00bb shape_divider_position=\u00bbbottom\u00bb bg_image_animation=\u00bbnone\u00bb][vc_column column_padding=\u00bbno-extra-padding\u00bb column_padding_tablet=\u00bbinherit\u00bb column_padding_phone=\u00bbinherit\u00bb column_padding_position=\u00bball\u00bb column_element_spacing=\u00bbdefault\u00bb background_color_opacity=\u00bb1&#8243; background_hover_color_opacity=\u00bb1&#8243; column_shadow=\u00bbnone\u00bb column_border_radius=\u00bbnone\u00bb column_link_target=\u00bb_self\u00bb gradient_direction=\u00bbleft_to_right\u00bb overlay_strength=\u00bb0.3&#8243; width=\u00bb1\/1&#8243; tablet_width_inherit=\u00bbdefault\u00bb tablet_text_alignment=\u00bbdefault\u00bb phone_text_alignment=\u00bbdefault\u00bb bg_image_animation=\u00bbnone\u00bb border_type=\u00bbsimple\u00bb column_border_width=\u00bbnone\u00bb column_border_style=\u00bbsolid\u00bb][vc_column_text]<img loading=\"lazy\" decoding=\"async\" class=\" wp-image-1271 alignright\" src=\"https:\/\/catedralbcn.org\/wp-content\/uploads\/2021\/11\/Catedral-Barcelona-300x229.jpg\" alt=\"\" width=\"413\" height=\"315\" srcset=\"https:\/\/catedralbcn.org\/wp-content\/uploads\/2021\/11\/Catedral-Barcelona-300x229.jpg 300w, https:\/\/catedralbcn.org\/wp-content\/uploads\/2021\/11\/Catedral-Barcelona-600x458.jpg 600w, https:\/\/catedralbcn.org\/wp-content\/uploads\/2021\/11\/Catedral-Barcelona-1024x781.jpg 1024w, https:\/\/catedralbcn.org\/wp-content\/uploads\/2021\/11\/Catedral-Barcelona-768x586.jpg 768w, https:\/\/catedralbcn.org\/wp-content\/uploads\/2021\/11\/Catedral-Barcelona.jpg 1177w\" sizes=\"auto, (max-width: 413px) 100vw, 413px\" \/><\/p>\n<p>La ciudad de Barcelona debi\u00f3 recibir muy pronto la luz de la fe cristiana. Los martirios de Santa Eulalia y San Cucufate, durante la persecuci\u00f3n de Diocleciano-Maximiano, testifican que hab\u00eda cristianos en Barcelona al menos en las postrimer\u00edas del siglo III y en los primeros a\u00f1os del siglo IV.<\/p>\n<p>Carecemos, sin embargo, de noticias hist\u00f3ricamente ciertas en cuanto a la organizaci\u00f3n eclesi\u00e1stica de nuestra di\u00f3cesis hasta el a\u00f1o 343, en que el obispo de Barcelona de nombre Pretexto, asisti\u00f3 con cinco obispos\u00a0hisp\u00e0nicos m\u00e1s al concilio de S\u00e1rdica en Oriente para ratificar todo aquello que hab\u00eda sido definido en el Concilio Ecum\u00e9nico de Nicea (325) sobre la divinidad de Jesucristo.<\/p>\n<p>Un conjunto de conjeturas s\u00f3lidamente fundamentadas permiten suponer que en aquellos tiempos Barcelona ya contaba con un templo episcopal, o catedral, que poco despu\u00e9s utilizar\u00edan para el ministerio pastoral otros obispos significativos de nuestra di\u00f3cesis: san Paciano (390), Lampi (400), Nundinari (461), Nebridi (540), Ugne (599), Severo (633), Quirico (656), Idalio (688), La\u00fclf (693), Frodoino (890), etc. El a\u00f1o 599 esta catedral aparece documentalmente dedicada a la santa Cruz (segundo concilio de Barcelona).<\/p>\n<p>Las excavaciones realizadas hace poco en el subsuelo de la calle de los condes de Barcelona (que actualmente bordea el muro de oriente de la Catedral) han puesto al descubierto un edificio de tres naves, separadas por dos series de columnas de m\u00e1rmol blanco, que sin duda se debe identificar con aquella bas\u00edlica paleocristiana barcelonesa levantada en el siglo IV y ennoblecida, a pesar de las dificultades provocadas por la lucha arriana, por otros obispos durante siete siglos.<\/p>\n<blockquote><p>En el a\u00f1o 877 esta bas\u00edlica acogi\u00f3 solemnemente en una de sus capillas las reliquias de santa Eulalia que, escondidas para que los \u00e1rabes invasores de nuestra pen\u00ednsula (711) no las profanaran, fueron encontradas milagrosamente en esa fecha en el templo de Santa Mar\u00eda de las Arenas o del Mar.<\/p><\/blockquote>\n<p>Esta Catedral primitiva, profundamente deteriorada por Almanzor, cuando este caudillo \u00e1rabe incendi\u00f3 y destruy\u00f3 la ciudad, se mantuvo en pie hasta 1046, a\u00f1o en que el conde de Barcelona, Ram\u00f3n Berenguer el Viejo y su mujer Almodis, con el obispo Guislabert, iniciaron la construcci\u00f3n de otra Catedral, la denominada Catedral rom\u00e1nica. Esta segunda catedral fue consagrada el 18 de noviembre de 1058 por el arzobispo Wifredo, metropolitano de Narbona.<\/p>\n<p><img loading=\"lazy\" decoding=\"async\" class=\"size-medium wp-image-1279 alignleft\" src=\"https:\/\/catedralbcn.org\/wp-content\/uploads\/2021\/11\/catedral-historia-2-300x248.jpg\" alt=\"\" width=\"300\" height=\"248\" srcset=\"https:\/\/catedralbcn.org\/wp-content\/uploads\/2021\/11\/catedral-historia-2-300x248.jpg 300w, https:\/\/catedralbcn.org\/wp-content\/uploads\/2021\/11\/catedral-historia-2-600x495.jpg 600w, https:\/\/catedralbcn.org\/wp-content\/uploads\/2021\/11\/catedral-historia-2-768x634.jpg 768w, https:\/\/catedralbcn.org\/wp-content\/uploads\/2021\/11\/catedral-historia-2.jpg 1000w\" sizes=\"auto, (max-width: 300px) 100vw, 300px\" \/><\/p>\n<p>Encima de los cimientos de la primitiva bas\u00edlica paleocristiana, y de la Catedral rom\u00e1nica posterior, se construy\u00f3 la actual Catedral de estilo g\u00f3tico. Las obras se iniciaron el 1 de mayo de 1298, durante el pontificado del obispo Bernardo Pelegr\u00ed y el reinado de Jaime II de Arag\u00f3n, el Justo; y fueron pr\u00e1cticamente finalizadas a mediados del siglo XV, en tiempos del obispo Francisco Clemente Sapera y siendo rey de Arag\u00f3n Alfonso V.<\/p>\n<p>Podemos distinguir tres etapas durante los ciento cincuenta a\u00f1os que duraron las obras: en la primera se plane\u00f3 todo el edificio y se llev\u00f3 a cabo la construcci\u00f3n del \u00e1bside con las capillas radiales, el presbiterio con su altar y la cripta, y la del falso crucero; a continuaci\u00f3n se prolongaron las tres naves con sus respectivas capillas laterales hasta la altura posterior al coro; finalmente se prosigui\u00f3 la construcci\u00f3n de la bas\u00edlica hasta la l\u00ednea de la fachada que posteriormente fue cerrada con un simple muro (1417). El claustro se termin\u00f3 en 1448.<\/p>\n<p>A finales del siglo XIX, el industrial barcelon\u00e9s Manuel Girona Agrafel se ofreci\u00f3 a sufragar la obra de la fachada y de sus dos torres laterales que fue llevada a cabo seg\u00fan los planes del arquitecto Josep O. Mestres inspirados en el proyecto inicial que ya se hab\u00eda dibujado en el siglo XV. Los hijos del se\u00f1or Girona completaron la empresa del padre con la construcci\u00f3n del cimborrio, que se finaliz\u00f3 el a\u00f1o 1913.[\/vc_column_text][image_with_animation image_url=\u00bb281&#8243; animation=\u00bbFade In\u00bb hover_animation=\u00bbnone\u00bb alignment=\u00bb\u00bb border_radius=\u00bbnone\u00bb box_shadow=\u00bbnone\u00bb image_loading=\u00bbdefault\u00bb max_width=\u00bb100%\u00bb max_width_mobile=\u00bbdefault\u00bb][\/vc_column][\/vc_row]\n","protected":false},"excerpt":{"rendered":"<p>[vc_row type=\u00bbin_container\u00bb full_screen_row_position=\u00bbmiddle\u00bb column_margin=\u00bbdefault\u00bb column_direction=\u00bbdefault\u00bb column_direction_tablet=\u00bbdefault\u00bb column_direction_phone=\u00bbdefault\u00bb scene_position=\u00bbcenter\u00bb text_color=\u00bbdark\u00bb text_align=\u00bbleft\u00bb row_border_radius=\u00bbnone\u00bb row_border_radius_applies=\u00bbbg\u00bb overlay_strength=\u00bb0.3&#8243; gradient_direction=\u00bbleft_to_right\u00bb shape_divider_position=\u00bbbottom\u00bb bg_image_animation=\u00bbnone\u00bb shape_type=\u00bb\u00bb][vc_column column_padding=\u00bbno-extra-padding\u00bb column_padding_tablet=\u00bbinherit\u00bb column_padding_phone=\u00bbinherit\u00bb column_padding_position=\u00bball\u00bb column_element_spacing=\u00bbdefault\u00bb background_color_opacity=\u00bb1&#8243; background_hover_color_opacity=\u00bb1&#8243; column_shadow=\u00bbnone\u00bb column_border_radius=\u00bbnone\u00bb column_link_target=\u00bb_self\u00bb gradient_direction=\u00bbleft_to_right\u00bb overlay_strength=\u00bb0.3&#8243; width=\u00bb1\/1&#8243;&#8230;<\/p>\n","protected":false},"author":1,"featured_media":0,"parent":2056,"menu_order":0,"comment_status":"closed","ping_status":"closed","template":"","meta":{"xn-wppe-expiration":[],"xn-wppe-expiration-action":[],"xn-wppe-expiration-prefix":[],"footnotes":"","_links_to":"","_links_to_target":""},"class_list":["post-2070","page","type-page","status-publish"],"yoast_head":"<!-- This site is optimized with the Yoast SEO plugin v23.7 - https:\/\/yoast.com\/wordpress\/plugins\/seo\/ -->\n<title>Historia - SANTA ESGL\u00c9SIA CATEDRAL BAS\u00cdLICA METROPOLITANA DE BARCELONA<\/title>\n<meta name=\"robots\" content=\"index, follow, max-snippet:-1, max-image-preview:large, max-video-preview:-1\" \/>\n<link rel=\"canonical\" href=\"https:\/\/catedralbcn.org\/es\/la-catedral\/historia\/\" \/>\n<meta property=\"og:locale\" content=\"es_ES\" \/>\n<meta property=\"og:type\" content=\"article\" \/>\n<meta property=\"og:title\" content=\"Historia - SANTA ESGL\u00c9SIA CATEDRAL BAS\u00cdLICA METROPOLITANA DE BARCELONA\" \/>\n<meta property=\"og:description\" content=\"[vc_row type=\u00bbin_container\u00bb full_screen_row_position=\u00bbmiddle\u00bb column_margin=\u00bbdefault\u00bb column_direction=\u00bbdefault\u00bb column_direction_tablet=\u00bbdefault\u00bb column_direction_phone=\u00bbdefault\u00bb scene_position=\u00bbcenter\u00bb text_color=\u00bbdark\u00bb text_align=\u00bbleft\u00bb row_border_radius=\u00bbnone\u00bb row_border_radius_applies=\u00bbbg\u00bb overlay_strength=\u00bb0.3&#8243; gradient_direction=\u00bbleft_to_right\u00bb shape_divider_position=\u00bbbottom\u00bb bg_image_animation=\u00bbnone\u00bb shape_type=\u00bb\u00bb][vc_column column_padding=\u00bbno-extra-padding\u00bb column_padding_tablet=\u00bbinherit\u00bb column_padding_phone=\u00bbinherit\u00bb column_padding_position=\u00bball\u00bb column_element_spacing=\u00bbdefault\u00bb background_color_opacity=\u00bb1&#8243; background_hover_color_opacity=\u00bb1&#8243; column_shadow=\u00bbnone\u00bb column_border_radius=\u00bbnone\u00bb column_link_target=\u00bb_self\u00bb gradient_direction=\u00bbleft_to_right\u00bb overlay_strength=\u00bb0.3&#8243; width=\u00bb1\/1&#8243;...\" \/>\n<meta property=\"og:url\" content=\"https:\/\/catedralbcn.org\/es\/la-catedral\/historia\/\" \/>\n<meta property=\"og:site_name\" content=\"SANTA ESGL\u00c9SIA CATEDRAL BAS\u00cdLICA METROPOLITANA DE BARCELONA\" \/>\n<meta property=\"article:modified_time\" content=\"2022-10-17T08:48:52+00:00\" \/>\n<meta property=\"og:image\" content=\"https:\/\/catedralbcn.org\/wp-content\/uploads\/2021\/11\/Catedral-Barcelona-300x229.jpg\" \/>\n<meta name=\"twitter:card\" content=\"summary_large_image\" \/>\n<meta name=\"twitter:label1\" content=\"Tiempo de lectura\" \/>\n\t<meta name=\"twitter:data1\" content=\"5 minutos\" \/>\n<script type=\"application\/ld+json\" class=\"yoast-schema-graph\">{\"@context\":\"https:\/\/schema.org\",\"@graph\":[{\"@type\":\"WebPage\",\"@id\":\"https:\/\/catedralbcn.org\/es\/la-catedral\/historia\/\",\"url\":\"https:\/\/catedralbcn.org\/es\/la-catedral\/historia\/\",\"name\":\"Historia - SANTA ESGL\u00c9SIA CATEDRAL BAS\u00cdLICA METROPOLITANA DE BARCELONA\",\"isPartOf\":{\"@id\":\"https:\/\/catedralbcn.org\/es\/#website\"},\"primaryImageOfPage\":{\"@id\":\"https:\/\/catedralbcn.org\/es\/la-catedral\/historia\/#primaryimage\"},\"image\":{\"@id\":\"https:\/\/catedralbcn.org\/es\/la-catedral\/historia\/#primaryimage\"},\"thumbnailUrl\":\"https:\/\/catedralbcn.org\/wp-content\/uploads\/2021\/11\/Catedral-Barcelona-300x229.jpg\",\"datePublished\":\"2022-01-24T12:55:31+00:00\",\"dateModified\":\"2022-10-17T08:48:52+00:00\",\"breadcrumb\":{\"@id\":\"https:\/\/catedralbcn.org\/es\/la-catedral\/historia\/#breadcrumb\"},\"inLanguage\":\"es\",\"potentialAction\":[{\"@type\":\"ReadAction\",\"target\":[\"https:\/\/catedralbcn.org\/es\/la-catedral\/historia\/\"]}]},{\"@type\":\"ImageObject\",\"inLanguage\":\"es\",\"@id\":\"https:\/\/catedralbcn.org\/es\/la-catedral\/historia\/#primaryimage\",\"url\":\"https:\/\/catedralbcn.org\/wp-content\/uploads\/2021\/11\/Catedral-Barcelona-300x229.jpg\",\"contentUrl\":\"https:\/\/catedralbcn.org\/wp-content\/uploads\/2021\/11\/Catedral-Barcelona-300x229.jpg\"},{\"@type\":\"BreadcrumbList\",\"@id\":\"https:\/\/catedralbcn.org\/es\/la-catedral\/historia\/#breadcrumb\",\"itemListElement\":[{\"@type\":\"ListItem\",\"position\":1,\"name\":\"Inicio\",\"item\":\"https:\/\/catedralbcn.org\/es\/\"},{\"@type\":\"ListItem\",\"position\":2,\"name\":\"La Catedral\",\"item\":\"https:\/\/catedralbcn.org\/es\/la-catedral\/\"},{\"@type\":\"ListItem\",\"position\":3,\"name\":\"Historia\"}]},{\"@type\":\"WebSite\",\"@id\":\"https:\/\/catedralbcn.org\/es\/#website\",\"url\":\"https:\/\/catedralbcn.org\/es\/\",\"name\":\"SANTA ESGL\u00c9SIA CATEDRAL BAS\u00cdLICA METROPOLITANA DE BARCELONA\",\"description\":\"Catedral de Barcelona\",\"potentialAction\":[{\"@type\":\"SearchAction\",\"target\":{\"@type\":\"EntryPoint\",\"urlTemplate\":\"https:\/\/catedralbcn.org\/es\/?s={search_term_string}\"},\"query-input\":{\"@type\":\"PropertyValueSpecification\",\"valueRequired\":true,\"valueName\":\"search_term_string\"}}],\"inLanguage\":\"es\"}]}<\/script>\n<!-- \/ Yoast SEO plugin. -->","yoast_head_json":{"title":"Historia - SANTA ESGL\u00c9SIA CATEDRAL BAS\u00cdLICA METROPOLITANA DE BARCELONA","robots":{"index":"index","follow":"follow","max-snippet":"max-snippet:-1","max-image-preview":"max-image-preview:large","max-video-preview":"max-video-preview:-1"},"canonical":"https:\/\/catedralbcn.org\/es\/la-catedral\/historia\/","og_locale":"es_ES","og_type":"article","og_title":"Historia - SANTA ESGL\u00c9SIA CATEDRAL BAS\u00cdLICA METROPOLITANA DE BARCELONA","og_description":"[vc_row type=\u00bbin_container\u00bb full_screen_row_position=\u00bbmiddle\u00bb column_margin=\u00bbdefault\u00bb column_direction=\u00bbdefault\u00bb column_direction_tablet=\u00bbdefault\u00bb column_direction_phone=\u00bbdefault\u00bb scene_position=\u00bbcenter\u00bb text_color=\u00bbdark\u00bb text_align=\u00bbleft\u00bb row_border_radius=\u00bbnone\u00bb row_border_radius_applies=\u00bbbg\u00bb overlay_strength=\u00bb0.3&#8243; gradient_direction=\u00bbleft_to_right\u00bb shape_divider_position=\u00bbbottom\u00bb bg_image_animation=\u00bbnone\u00bb shape_type=\u00bb\u00bb][vc_column column_padding=\u00bbno-extra-padding\u00bb column_padding_tablet=\u00bbinherit\u00bb column_padding_phone=\u00bbinherit\u00bb column_padding_position=\u00bball\u00bb column_element_spacing=\u00bbdefault\u00bb background_color_opacity=\u00bb1&#8243; background_hover_color_opacity=\u00bb1&#8243; column_shadow=\u00bbnone\u00bb column_border_radius=\u00bbnone\u00bb column_link_target=\u00bb_self\u00bb gradient_direction=\u00bbleft_to_right\u00bb overlay_strength=\u00bb0.3&#8243; width=\u00bb1\/1&#8243;...","og_url":"https:\/\/catedralbcn.org\/es\/la-catedral\/historia\/","og_site_name":"SANTA ESGL\u00c9SIA CATEDRAL BAS\u00cdLICA METROPOLITANA DE BARCELONA","article_modified_time":"2022-10-17T08:48:52+00:00","og_image":[{"url":"https:\/\/catedralbcn.org\/wp-content\/uploads\/2021\/11\/Catedral-Barcelona-300x229.jpg"}],"twitter_card":"summary_large_image","twitter_misc":{"Tiempo de lectura":"5 minutos"},"schema":{"@context":"https:\/\/schema.org","@graph":[{"@type":"WebPage","@id":"https:\/\/catedralbcn.org\/es\/la-catedral\/historia\/","url":"https:\/\/catedralbcn.org\/es\/la-catedral\/historia\/","name":"Historia - SANTA ESGL\u00c9SIA CATEDRAL BAS\u00cdLICA METROPOLITANA DE BARCELONA","isPartOf":{"@id":"https:\/\/catedralbcn.org\/es\/#website"},"primaryImageOfPage":{"@id":"https:\/\/catedralbcn.org\/es\/la-catedral\/historia\/#primaryimage"},"image":{"@id":"https:\/\/catedralbcn.org\/es\/la-catedral\/historia\/#primaryimage"},"thumbnailUrl":"https:\/\/catedralbcn.org\/wp-content\/uploads\/2021\/11\/Catedral-Barcelona-300x229.jpg","datePublished":"2022-01-24T12:55:31+00:00","dateModified":"2022-10-17T08:48:52+00:00","breadcrumb":{"@id":"https:\/\/catedralbcn.org\/es\/la-catedral\/historia\/#breadcrumb"},"inLanguage":"es","potentialAction":[{"@type":"ReadAction","target":["https:\/\/catedralbcn.org\/es\/la-catedral\/historia\/"]}]},{"@type":"ImageObject","inLanguage":"es","@id":"https:\/\/catedralbcn.org\/es\/la-catedral\/historia\/#primaryimage","url":"https:\/\/catedralbcn.org\/wp-content\/uploads\/2021\/11\/Catedral-Barcelona-300x229.jpg","contentUrl":"https:\/\/catedralbcn.org\/wp-content\/uploads\/2021\/11\/Catedral-Barcelona-300x229.jpg"},{"@type":"BreadcrumbList","@id":"https:\/\/catedralbcn.org\/es\/la-catedral\/historia\/#breadcrumb","itemListElement":[{"@type":"ListItem","position":1,"name":"Inicio","item":"https:\/\/catedralbcn.org\/es\/"},{"@type":"ListItem","position":2,"name":"La Catedral","item":"https:\/\/catedralbcn.org\/es\/la-catedral\/"},{"@type":"ListItem","position":3,"name":"Historia"}]},{"@type":"WebSite","@id":"https:\/\/catedralbcn.org\/es\/#website","url":"https:\/\/catedralbcn.org\/es\/","name":"SANTA ESGL\u00c9SIA CATEDRAL BAS\u00cdLICA METROPOLITANA DE BARCELONA","description":"Catedral de Barcelona","potentialAction":[{"@type":"SearchAction","target":{"@type":"EntryPoint","urlTemplate":"https:\/\/catedralbcn.org\/es\/?s={search_term_string}"},"query-input":{"@type":"PropertyValueSpecification","valueRequired":true,"valueName":"search_term_string"}}],"inLanguage":"es"}]}},"_links":{"self":[{"href":"https:\/\/catedralbcn.org\/es\/wp-json\/wp\/v2\/pages\/2070","targetHints":{"allow":["GET"]}}],"collection":[{"href":"https:\/\/catedralbcn.org\/es\/wp-json\/wp\/v2\/pages"}],"about":[{"href":"https:\/\/catedralbcn.org\/es\/wp-json\/wp\/v2\/types\/page"}],"author":[{"embeddable":true,"href":"https:\/\/catedralbcn.org\/es\/wp-json\/wp\/v2\/users\/1"}],"replies":[{"embeddable":true,"href":"https:\/\/catedralbcn.org\/es\/wp-json\/wp\/v2\/comments?post=2070"}],"version-history":[{"count":0,"href":"https:\/\/catedralbcn.org\/es\/wp-json\/wp\/v2\/pages\/2070\/revisions"}],"up":[{"embeddable":true,"href":"https:\/\/catedralbcn.org\/es\/wp-json\/wp\/v2\/pages\/2056"}],"wp:attachment":[{"href":"https:\/\/catedralbcn.org\/es\/wp-json\/wp\/v2\/media?parent=2070"}],"curies":[{"name":"wp","href":"https:\/\/api.w.org\/{rel}","templated":true}]}}