{"id":2086,"date":"2022-01-24T14:22:06","date_gmt":"2022-01-24T14:22:06","guid":{"rendered":"https:\/\/catedralbcn.org\/?page_id=2086"},"modified":"2022-02-09T14:59:33","modified_gmt":"2022-02-09T14:59:33","slug":"gremios-y-cofradias","status":"publish","type":"page","link":"https:\/\/catedralbcn.org\/es\/la-catedral\/gremios-y-cofradias\/","title":{"rendered":"Gremios y Cofrad\u00edas"},"content":{"rendered":"[vc_row type=\u00bbin_container\u00bb full_screen_row_position=\u00bbmiddle\u00bb column_margin=\u00bbdefault\u00bb column_direction=\u00bbdefault\u00bb column_direction_tablet=\u00bbdefault\u00bb column_direction_phone=\u00bbdefault\u00bb scene_position=\u00bbcenter\u00bb text_color=\u00bbdark\u00bb text_align=\u00bbleft\u00bb row_border_radius=\u00bbnone\u00bb row_border_radius_applies=\u00bbbg\u00bb overlay_strength=\u00bb0.3&#8243; gradient_direction=\u00bbleft_to_right\u00bb shape_divider_position=\u00bbbottom\u00bb bg_image_animation=\u00bbnone\u00bb shape_type=\u00bb\u00bb][vc_column column_padding=\u00bbno-extra-padding\u00bb column_padding_tablet=\u00bbinherit\u00bb column_padding_phone=\u00bbinherit\u00bb column_padding_position=\u00bball\u00bb column_element_spacing=\u00bbdefault\u00bb background_color_opacity=\u00bb1&#8243; background_hover_color_opacity=\u00bb1&#8243; column_shadow=\u00bbnone\u00bb column_border_radius=\u00bbnone\u00bb column_link_target=\u00bb_self\u00bb gradient_direction=\u00bbleft_to_right\u00bb overlay_strength=\u00bb0.3&#8243; width=\u00bb1\/1&#8243; tablet_width_inherit=\u00bbdefault\u00bb tablet_text_alignment=\u00bbdefault\u00bb phone_text_alignment=\u00bbdefault\u00bb bg_image_animation=\u00bbnone\u00bb border_type=\u00bbsimple\u00bb column_border_width=\u00bbnone\u00bb column_border_style=\u00bbsolid\u00bb][divider line_type=\u00bbSmall Line\u00bb line_alignment=\u00bbdefault\u00bb line_thickness=\u00bb4&#8243; divider_color=\u00bbaccent-color\u00bb animate=\u00bbyes\u00bb custom_height=\u00bb100&#8243; custom_line_width=\u00bb100&#8243;][\/vc_column][\/vc_row][vc_row type=\u00bbin_container\u00bb full_screen_row_position=\u00bbmiddle\u00bb column_margin=\u00bbdefault\u00bb equal_height=\u00bbyes\u00bb column_direction=\u00bbdefault\u00bb column_direction_tablet=\u00bbdefault\u00bb column_direction_phone=\u00bbdefault\u00bb scene_position=\u00bbcenter\u00bb text_color=\u00bbdark\u00bb text_align=\u00bbleft\u00bb row_border_radius=\u00bbnone\u00bb row_border_radius_applies=\u00bbbg\u00bb overlay_strength=\u00bb0.3&#8243; gradient_direction=\u00bbleft_to_right\u00bb shape_divider_position=\u00bbbottom\u00bb bg_image_animation=\u00bbnone\u00bb shape_type=\u00bb\u00bb][vc_column column_padding=\u00bbno-extra-padding\u00bb column_padding_tablet=\u00bbinherit\u00bb column_padding_phone=\u00bbinherit\u00bb column_padding_position=\u00bball\u00bb column_element_spacing=\u00bbdefault\u00bb background_color_opacity=\u00bb1&#8243; background_hover_color_opacity=\u00bb1&#8243; column_shadow=\u00bbnone\u00bb column_border_radius=\u00bbnone\u00bb column_link_target=\u00bb_self\u00bb gradient_direction=\u00bbleft_to_right\u00bb overlay_strength=\u00bb0.3&#8243; width=\u00bb1\/1&#8243; tablet_width_inherit=\u00bbdefault\u00bb tablet_text_alignment=\u00bbdefault\u00bb phone_text_alignment=\u00bbdefault\u00bb bg_image_animation=\u00bbnone\u00bb border_type=\u00bbsimple\u00bb column_border_width=\u00bbnone\u00bb column_border_style=\u00bbsolid\u00bb][nectar_horizontal_list_item columns=\u00bb1&#8243; col_1_text_align=\u00bbleft\u00bb col_1_text_element=\u00bbh5&#8243; font_family=\u00bbh4&#8243; hover_effect=\u00bbfull_border\u00bb hover_color=\u00bbwhite\u00bb border_radius=\u00bb15px\u00bb icon_family=\u00bbnone\u00bb icon_size=\u00bbregular\u00bb col_1_content=\u00bbEn la Catedral est\u00e1n presentes diversos gremios y cofrad\u00edas. Como referencia:\u00bb][nectar_horizontal_list_item columns=\u00bb4&#8243; column_layout_using_4_columns=\u00bblarge_first\u00bb col_1_text_align=\u00bbleft\u00bb col_2_text_align=\u00bbleft\u00bb col_3_text_align=\u00bbleft\u00bb col_4_text_align=\u00bbright\u00bb col_1_text_element=\u00bbh5&#8243; col_2_text_element=\u00bbp\u00bb col_3_text_element=\u00bbp\u00bb col_4_text_element=\u00bbp\u00bb cta_1_open_new_tab=\u00bbtrue\u00bb font_family=\u00bbp\u00bb open_new_tab=\u00bbtrue\u00bb hover_effect=\u00bbdefault\u00bb hover_color=\u00bbaccent-color\u00bb icon_family=\u00bbnone\u00bb icon_size=\u00bbregular\u00bb col_1_content=\u00bbAsociaci\u00f3n Empresarial de Instaladores de Electricidad, Fontaner\u00eda y Afines, de Barcelona\u00bb col_2_content=\u00bbTienen a la Virgen de la Luz como patrona, en una capilla en el claustro.\u00bb cta_1_text=\u00bbWeb\u00bb cta_1_url=\u00bbhttp:\/\/www.egibcn.net\/index1.php\u00bb col_3_content=\u00bbCelebran la fiesta patronal el 2 de febrero\u00bb][nectar_horizontal_list_item columns=\u00bb4&#8243; column_layout_using_4_columns=\u00bblarge_first\u00bb col_1_text_align=\u00bbleft\u00bb col_2_text_align=\u00bbleft\u00bb col_3_text_align=\u00bbleft\u00bb col_4_text_align=\u00bbright\u00bb col_1_text_element=\u00bbh5&#8243; col_2_text_element=\u00bbp\u00bb col_3_text_element=\u00bbp\u00bb col_4_text_element=\u00bbp\u00bb cta_1_open_new_tab=\u00bbtrue\u00bb font_family=\u00bbp\u00bb open_new_tab=\u00bbtrue\u00bb hover_effect=\u00bbdefault\u00bb hover_color=\u00bbaccent-color\u00bb icon_family=\u00bbnone\u00bb icon_size=\u00bbregular\u00bb col_1_content=\u00bbCofrad\u00eda de Maestros Carpinteros, de Barcelona\u00bb col_2_content=\u00bbTienen a San Jos\u00e9 como patr\u00f3n, en una capilla de la girola de la Catedral y en otra del claustro.\u00bb cta_1_text=\u00bbWeb\u00bb cta_1_url=\u00bbhttps:\/\/gremifustaimoble.cat\/\u00bb col_3_content=\u00bbCelebran la fiesta patronal el 19 de marzo\u00bb][nectar_horizontal_list_item columns=\u00bb4&#8243; column_layout_using_4_columns=\u00bblarge_first\u00bb col_1_text_align=\u00bbleft\u00bb col_2_text_align=\u00bbleft\u00bb col_3_text_align=\u00bbleft\u00bb col_4_text_align=\u00bbright\u00bb col_1_text_element=\u00bbh5&#8243; col_2_text_element=\u00bbp\u00bb col_3_text_element=\u00bbp\u00bb col_4_text_element=\u00bbp\u00bb cta_1_open_new_tab=\u00bbtrue\u00bb font_family=\u00bbp\u00bb open_new_tab=\u00bbtrue\u00bb hover_effect=\u00bbdefault\u00bb hover_color=\u00bbaccent-color\u00bb icon_family=\u00bbnone\u00bb icon_size=\u00bbregular\u00bb col_1_content=\u00bbCofrad\u00eda de San Marcos Evangelista, de Maestros Zapateros de Barcelona\u00bb col_2_content=\u00bbTiene su capilla en la Catedral.\u00bb col_3_content=\u00bbCelebran la fiesta patronal alrededor del 25 de abril\u00bb][nectar_horizontal_list_item columns=\u00bb4&#8243; column_layout_using_4_columns=\u00bblarge_first\u00bb col_1_text_align=\u00bbleft\u00bb col_2_text_align=\u00bbleft\u00bb col_3_text_align=\u00bbleft\u00bb col_4_text_align=\u00bbright\u00bb col_1_text_element=\u00bbh5&#8243; col_2_text_element=\u00bbp\u00bb col_3_text_element=\u00bbp\u00bb col_4_text_element=\u00bbp\u00bb cta_1_open_new_tab=\u00bbtrue\u00bb font_family=\u00bbp\u00bb open_new_tab=\u00bbtrue\u00bb hover_effect=\u00bbdefault\u00bb hover_color=\u00bbaccent-color\u00bb icon_family=\u00bbnone\u00bb icon_size=\u00bbregular\u00bb col_1_content=\u00bbCofrad\u00eda del antiguo Gremio de Maestros Alfombreros\u00bb col_2_content=\u00bbTiene a San Bernardino de Siena por patr\u00f3n, en una capilla de la Catedral.\u00bb col_3_content=\u00bbCelebran la fiesta patronal alrededor del 20 de mayo\u00bb][nectar_horizontal_list_item columns=\u00bb4&#8243; column_layout_using_4_columns=\u00bblarge_first\u00bb col_1_text_align=\u00bbleft\u00bb col_2_text_align=\u00bbleft\u00bb col_3_text_align=\u00bbleft\u00bb col_4_text_align=\u00bbright\u00bb col_1_text_element=\u00bbh5&#8243; col_2_text_element=\u00bbp\u00bb col_3_text_element=\u00bbp\u00bb col_4_text_element=\u00bbp\u00bb cta_1_open_new_tab=\u00bbtrue\u00bb font_family=\u00bbp\u00bb open_new_tab=\u00bbtrue\u00bb hover_effect=\u00bbdefault\u00bb hover_color=\u00bbaccent-color\u00bb icon_family=\u00bbnone\u00bb icon_size=\u00bbregular\u00bb col_1_content=\u00bbGremio de cerrajeros de Barcelona\u00bb col_2_content=\u00bbVeneran a San Eloy, obispo, como a patr\u00f3n, en una capilla del claustro.\u00bb cta_1_text=\u00bbWeb\u00bb cta_1_url=\u00bbhttps:\/\/gremiserrallers.com\/\u00bb col_3_content=\u00bbRealizan una ofrenda floral con motivo de su fiesta patronal, el d\u00eda 1 de diciembre\u00bb][nectar_horizontal_list_item columns=\u00bb4&#8243; column_layout_using_4_columns=\u00bblarge_first\u00bb col_1_text_align=\u00bbleft\u00bb col_2_text_align=\u00bbleft\u00bb col_3_text_align=\u00bbleft\u00bb col_4_text_align=\u00bbright\u00bb col_1_text_element=\u00bbh5&#8243; col_2_text_element=\u00bbp\u00bb col_3_text_element=\u00bbp\u00bb col_4_text_element=\u00bbp\u00bb cta_1_open_new_tab=\u00bbtrue\u00bb font_family=\u00bbp\u00bb open_new_tab=\u00bbtrue\u00bb hover_effect=\u00bbdefault\u00bb hover_color=\u00bbaccent-color\u00bb icon_family=\u00bbnone\u00bb icon_size=\u00bbregular\u00bb col_1_content=\u00bbHospitalidad de la Virgen de Lourdes de Barcelona, Sant Feliu de Llobregat i Terrassa\u00bb col_2_content=\u00bbSe encarga de su capilla, situada en el claustro.\u00bb cta_1_text=\u00bbWeb\u00bb cta_1_url=\u00bbhttp:\/\/hospitalitat.org\/es\/inicio-barna-2\/\u00bb col_3_content=\u00bbCelebran la fiesta patronal el 11 de febrero, con una eucarist\u00eda, el rosario y la procesi\u00f3n de las antorchas.\u00bb][\/vc_column][\/vc_row][vc_row type=\u00bbin_container\u00bb full_screen_row_position=\u00bbmiddle\u00bb column_margin=\u00bbdefault\u00bb column_direction=\u00bbdefault\u00bb column_direction_tablet=\u00bbdefault\u00bb column_direction_phone=\u00bbdefault\u00bb scene_position=\u00bbcenter\u00bb text_color=\u00bbdark\u00bb text_align=\u00bbleft\u00bb row_border_radius=\u00bbnone\u00bb row_border_radius_applies=\u00bbbg\u00bb overlay_strength=\u00bb0.3&#8243; gradient_direction=\u00bbleft_to_right\u00bb shape_divider_position=\u00bbbottom\u00bb bg_image_animation=\u00bbnone\u00bb][vc_column column_padding=\u00bbno-extra-padding\u00bb column_padding_tablet=\u00bbinherit\u00bb column_padding_phone=\u00bbinherit\u00bb column_padding_position=\u00bball\u00bb column_element_spacing=\u00bbdefault\u00bb background_color_opacity=\u00bb1&#8243; background_hover_color_opacity=\u00bb1&#8243; column_shadow=\u00bbnone\u00bb column_border_radius=\u00bbnone\u00bb column_link_target=\u00bb_self\u00bb gradient_direction=\u00bbleft_to_right\u00bb overlay_strength=\u00bb0.3&#8243; width=\u00bb1\/1&#8243; tablet_width_inherit=\u00bbdefault\u00bb tablet_text_alignment=\u00bbdefault\u00bb phone_text_alignment=\u00bbdefault\u00bb bg_image_animation=\u00bbnone\u00bb border_type=\u00bbsimple\u00bb column_border_width=\u00bbnone\u00bb column_border_style=\u00bbsolid\u00bb][vc_gallery type=\u00bbimage_grid\u00bb images=\u00bb1815,1819,1823,1827,1831,1835&#8243; image_grid_loading=\u00bbdefault\u00bb display_title_caption=\u00bbtrue\u00bb layout=\u00bb3&#8243; item_spacing=\u00bbdefault\u00bb gallery_style=\u00bb7&#8243; load_in_animation=\u00bbnone\u00bb][\/vc_column][\/vc_row]\n","protected":false},"excerpt":{"rendered":"<p>[vc_row type=\u00bbin_container\u00bb full_screen_row_position=\u00bbmiddle\u00bb column_margin=\u00bbdefault\u00bb column_direction=\u00bbdefault\u00bb column_direction_tablet=\u00bbdefault\u00bb column_direction_phone=\u00bbdefault\u00bb scene_position=\u00bbcenter\u00bb text_color=\u00bbdark\u00bb text_align=\u00bbleft\u00bb row_border_radius=\u00bbnone\u00bb row_border_radius_applies=\u00bbbg\u00bb overlay_strength=\u00bb0.3&#8243; gradient_direction=\u00bbleft_to_right\u00bb shape_divider_position=\u00bbbottom\u00bb bg_image_animation=\u00bbnone\u00bb shape_type=\u00bb\u00bb][vc_column column_padding=\u00bbno-extra-padding\u00bb column_padding_tablet=\u00bbinherit\u00bb column_padding_phone=\u00bbinherit\u00bb column_padding_position=\u00bball\u00bb column_element_spacing=\u00bbdefault\u00bb background_color_opacity=\u00bb1&#8243; background_hover_color_opacity=\u00bb1&#8243; column_shadow=\u00bbnone\u00bb column_border_radius=\u00bbnone\u00bb column_link_target=\u00bb_self\u00bb gradient_direction=\u00bbleft_to_right\u00bb overlay_strength=\u00bb0.3&#8243; width=\u00bb1\/1&#8243;&#8230;<\/p>\n","protected":false},"author":1,"featured_media":0,"parent":2056,"menu_order":0,"comment_status":"closed","ping_status":"closed","template":"","meta":{"xn-wppe-expiration":[],"xn-wppe-expiration-action":[],"xn-wppe-expiration-prefix":[],"footnotes":"","_links_to":"","_links_to_target":""},"class_list":["post-2086","page","type-page","status-publish"],"yoast_head":"<!-- This site is optimized with the Yoast SEO plugin v27.3 - https:\/\/yoast.com\/product\/yoast-seo-wordpress\/ -->\n<title>Gremios y Cofrad\u00edas - SANTA ESGL\u00c9SIA CATEDRAL BAS\u00cdLICA METROPOLITANA DE BARCELONA<\/title>\n<meta name=\"robots\" content=\"index, follow, max-snippet:-1, max-image-preview:large, max-video-preview:-1\" \/>\n<link rel=\"canonical\" href=\"https:\/\/catedralbcn.org\/es\/la-catedral\/gremios-y-cofradias\/\" \/>\n<meta property=\"og:locale\" content=\"es_ES\" \/>\n<meta property=\"og:type\" content=\"article\" \/>\n<meta property=\"og:title\" content=\"Gremios y Cofrad\u00edas - SANTA ESGL\u00c9SIA CATEDRAL BAS\u00cdLICA METROPOLITANA DE BARCELONA\" \/>\n<meta property=\"og:description\" content=\"[vc_row type=\u00bbin_container\u00bb full_screen_row_position=\u00bbmiddle\u00bb column_margin=\u00bbdefault\u00bb column_direction=\u00bbdefault\u00bb column_direction_tablet=\u00bbdefault\u00bb column_direction_phone=\u00bbdefault\u00bb scene_position=\u00bbcenter\u00bb text_color=\u00bbdark\u00bb text_align=\u00bbleft\u00bb row_border_radius=\u00bbnone\u00bb row_border_radius_applies=\u00bbbg\u00bb overlay_strength=\u00bb0.3&#8243; gradient_direction=\u00bbleft_to_right\u00bb shape_divider_position=\u00bbbottom\u00bb bg_image_animation=\u00bbnone\u00bb shape_type=\u00bb\u00bb][vc_column column_padding=\u00bbno-extra-padding\u00bb column_padding_tablet=\u00bbinherit\u00bb column_padding_phone=\u00bbinherit\u00bb column_padding_position=\u00bball\u00bb column_element_spacing=\u00bbdefault\u00bb background_color_opacity=\u00bb1&#8243; background_hover_color_opacity=\u00bb1&#8243; column_shadow=\u00bbnone\u00bb column_border_radius=\u00bbnone\u00bb column_link_target=\u00bb_self\u00bb gradient_direction=\u00bbleft_to_right\u00bb overlay_strength=\u00bb0.3&#8243; width=\u00bb1\/1&#8243;...\" \/>\n<meta property=\"og:url\" content=\"https:\/\/catedralbcn.org\/es\/la-catedral\/gremios-y-cofradias\/\" \/>\n<meta property=\"og:site_name\" content=\"SANTA ESGL\u00c9SIA CATEDRAL BAS\u00cdLICA METROPOLITANA DE BARCELONA\" \/>\n<meta property=\"article:modified_time\" content=\"2022-02-09T14:59:33+00:00\" \/>\n<meta name=\"twitter:card\" content=\"summary_large_image\" \/>\n<meta name=\"twitter:label1\" content=\"Tiempo de lectura\" \/>\n\t<meta name=\"twitter:data1\" content=\"6 minutos\" \/>\n<script type=\"application\/ld+json\" class=\"yoast-schema-graph\">{\"@context\":\"https:\\\/\\\/schema.org\",\"@graph\":[{\"@type\":\"WebPage\",\"@id\":\"https:\\\/\\\/catedralbcn.org\\\/es\\\/la-catedral\\\/gremios-y-cofradias\\\/\",\"url\":\"https:\\\/\\\/catedralbcn.org\\\/es\\\/la-catedral\\\/gremios-y-cofradias\\\/\",\"name\":\"Gremios y Cofrad\u00edas - SANTA ESGL\u00c9SIA CATEDRAL BAS\u00cdLICA METROPOLITANA DE BARCELONA\",\"isPartOf\":{\"@id\":\"https:\\\/\\\/catedralbcn.org\\\/es\\\/#website\"},\"datePublished\":\"2022-01-24T14:22:06+00:00\",\"dateModified\":\"2022-02-09T14:59:33+00:00\",\"breadcrumb\":{\"@id\":\"https:\\\/\\\/catedralbcn.org\\\/es\\\/la-catedral\\\/gremios-y-cofradias\\\/#breadcrumb\"},\"inLanguage\":\"es\",\"potentialAction\":[{\"@type\":\"ReadAction\",\"target\":[\"https:\\\/\\\/catedralbcn.org\\\/es\\\/la-catedral\\\/gremios-y-cofradias\\\/\"]}]},{\"@type\":\"BreadcrumbList\",\"@id\":\"https:\\\/\\\/catedralbcn.org\\\/es\\\/la-catedral\\\/gremios-y-cofradias\\\/#breadcrumb\",\"itemListElement\":[{\"@type\":\"ListItem\",\"position\":1,\"name\":\"Inicio\",\"item\":\"https:\\\/\\\/catedralbcn.org\\\/es\\\/\"},{\"@type\":\"ListItem\",\"position\":2,\"name\":\"La Catedral\",\"item\":\"https:\\\/\\\/catedralbcn.org\\\/es\\\/la-catedral\\\/\"},{\"@type\":\"ListItem\",\"position\":3,\"name\":\"Gremios y Cofrad\u00edas\"}]},{\"@type\":\"WebSite\",\"@id\":\"https:\\\/\\\/catedralbcn.org\\\/es\\\/#website\",\"url\":\"https:\\\/\\\/catedralbcn.org\\\/es\\\/\",\"name\":\"SANTA ESGL\u00c9SIA CATEDRAL BAS\u00cdLICA METROPOLITANA DE BARCELONA\",\"description\":\"Catedral de Barcelona\",\"potentialAction\":[{\"@type\":\"SearchAction\",\"target\":{\"@type\":\"EntryPoint\",\"urlTemplate\":\"https:\\\/\\\/catedralbcn.org\\\/es\\\/?s={search_term_string}\"},\"query-input\":{\"@type\":\"PropertyValueSpecification\",\"valueRequired\":true,\"valueName\":\"search_term_string\"}}],\"inLanguage\":\"es\"}]}<\/script>\n<!-- \/ Yoast SEO plugin. -->","yoast_head_json":{"title":"Gremios y Cofrad\u00edas - SANTA ESGL\u00c9SIA CATEDRAL BAS\u00cdLICA METROPOLITANA DE BARCELONA","robots":{"index":"index","follow":"follow","max-snippet":"max-snippet:-1","max-image-preview":"max-image-preview:large","max-video-preview":"max-video-preview:-1"},"canonical":"https:\/\/catedralbcn.org\/es\/la-catedral\/gremios-y-cofradias\/","og_locale":"es_ES","og_type":"article","og_title":"Gremios y Cofrad\u00edas - SANTA ESGL\u00c9SIA CATEDRAL BAS\u00cdLICA METROPOLITANA DE BARCELONA","og_description":"[vc_row type=\u00bbin_container\u00bb full_screen_row_position=\u00bbmiddle\u00bb column_margin=\u00bbdefault\u00bb column_direction=\u00bbdefault\u00bb column_direction_tablet=\u00bbdefault\u00bb column_direction_phone=\u00bbdefault\u00bb scene_position=\u00bbcenter\u00bb text_color=\u00bbdark\u00bb text_align=\u00bbleft\u00bb row_border_radius=\u00bbnone\u00bb row_border_radius_applies=\u00bbbg\u00bb overlay_strength=\u00bb0.3&#8243; gradient_direction=\u00bbleft_to_right\u00bb shape_divider_position=\u00bbbottom\u00bb bg_image_animation=\u00bbnone\u00bb shape_type=\u00bb\u00bb][vc_column column_padding=\u00bbno-extra-padding\u00bb column_padding_tablet=\u00bbinherit\u00bb column_padding_phone=\u00bbinherit\u00bb column_padding_position=\u00bball\u00bb column_element_spacing=\u00bbdefault\u00bb background_color_opacity=\u00bb1&#8243; background_hover_color_opacity=\u00bb1&#8243; column_shadow=\u00bbnone\u00bb column_border_radius=\u00bbnone\u00bb column_link_target=\u00bb_self\u00bb gradient_direction=\u00bbleft_to_right\u00bb overlay_strength=\u00bb0.3&#8243; width=\u00bb1\/1&#8243;...","og_url":"https:\/\/catedralbcn.org\/es\/la-catedral\/gremios-y-cofradias\/","og_site_name":"SANTA ESGL\u00c9SIA CATEDRAL BAS\u00cdLICA METROPOLITANA DE BARCELONA","article_modified_time":"2022-02-09T14:59:33+00:00","twitter_card":"summary_large_image","twitter_misc":{"Tiempo de lectura":"6 minutos"},"schema":{"@context":"https:\/\/schema.org","@graph":[{"@type":"WebPage","@id":"https:\/\/catedralbcn.org\/es\/la-catedral\/gremios-y-cofradias\/","url":"https:\/\/catedralbcn.org\/es\/la-catedral\/gremios-y-cofradias\/","name":"Gremios y Cofrad\u00edas - SANTA ESGL\u00c9SIA CATEDRAL BAS\u00cdLICA METROPOLITANA DE BARCELONA","isPartOf":{"@id":"https:\/\/catedralbcn.org\/es\/#website"},"datePublished":"2022-01-24T14:22:06+00:00","dateModified":"2022-02-09T14:59:33+00:00","breadcrumb":{"@id":"https:\/\/catedralbcn.org\/es\/la-catedral\/gremios-y-cofradias\/#breadcrumb"},"inLanguage":"es","potentialAction":[{"@type":"ReadAction","target":["https:\/\/catedralbcn.org\/es\/la-catedral\/gremios-y-cofradias\/"]}]},{"@type":"BreadcrumbList","@id":"https:\/\/catedralbcn.org\/es\/la-catedral\/gremios-y-cofradias\/#breadcrumb","itemListElement":[{"@type":"ListItem","position":1,"name":"Inicio","item":"https:\/\/catedralbcn.org\/es\/"},{"@type":"ListItem","position":2,"name":"La Catedral","item":"https:\/\/catedralbcn.org\/es\/la-catedral\/"},{"@type":"ListItem","position":3,"name":"Gremios y Cofrad\u00edas"}]},{"@type":"WebSite","@id":"https:\/\/catedralbcn.org\/es\/#website","url":"https:\/\/catedralbcn.org\/es\/","name":"SANTA ESGL\u00c9SIA CATEDRAL BAS\u00cdLICA METROPOLITANA DE BARCELONA","description":"Catedral de Barcelona","potentialAction":[{"@type":"SearchAction","target":{"@type":"EntryPoint","urlTemplate":"https:\/\/catedralbcn.org\/es\/?s={search_term_string}"},"query-input":{"@type":"PropertyValueSpecification","valueRequired":true,"valueName":"search_term_string"}}],"inLanguage":"es"}]}},"_links":{"self":[{"href":"https:\/\/catedralbcn.org\/es\/wp-json\/wp\/v2\/pages\/2086","targetHints":{"allow":["GET"]}}],"collection":[{"href":"https:\/\/catedralbcn.org\/es\/wp-json\/wp\/v2\/pages"}],"about":[{"href":"https:\/\/catedralbcn.org\/es\/wp-json\/wp\/v2\/types\/page"}],"author":[{"embeddable":true,"href":"https:\/\/catedralbcn.org\/es\/wp-json\/wp\/v2\/users\/1"}],"replies":[{"embeddable":true,"href":"https:\/\/catedralbcn.org\/es\/wp-json\/wp\/v2\/comments?post=2086"}],"version-history":[{"count":0,"href":"https:\/\/catedralbcn.org\/es\/wp-json\/wp\/v2\/pages\/2086\/revisions"}],"up":[{"embeddable":true,"href":"https:\/\/catedralbcn.org\/es\/wp-json\/wp\/v2\/pages\/2056"}],"wp:attachment":[{"href":"https:\/\/catedralbcn.org\/es\/wp-json\/wp\/v2\/media?parent=2086"}],"curies":[{"name":"wp","href":"https:\/\/api.w.org\/{rel}","templated":true}]}}