{"id":2096,"date":"2022-01-24T14:43:49","date_gmt":"2022-01-24T14:43:49","guid":{"rendered":"https:\/\/catedralbcn.org\/?page_id=2096"},"modified":"2025-10-27T13:08:37","modified_gmt":"2025-10-27T12:08:37","slug":"los-organos-de-la-catedral","status":"publish","type":"page","link":"https:\/\/catedralbcn.org\/es\/la-catedral\/los-organos-de-la-catedral\/","title":{"rendered":"Los \u00d3rganos de la Catedral"},"content":{"rendered":"[vc_row type=\u00bbin_container\u00bb full_screen_row_position=\u00bbmiddle\u00bb column_margin=\u00bbdefault\u00bb column_direction=\u00bbdefault\u00bb column_direction_tablet=\u00bbdefault\u00bb column_direction_phone=\u00bbdefault\u00bb scene_position=\u00bbcenter\u00bb text_color=\u00bbdark\u00bb text_align=\u00bbleft\u00bb row_border_radius=\u00bbnone\u00bb row_border_radius_applies=\u00bbbg\u00bb overflow=\u00bbvisible\u00bb overlay_strength=\u00bb0.3&#8243; gradient_direction=\u00bbleft_to_right\u00bb shape_divider_position=\u00bbbottom\u00bb bg_image_animation=\u00bbnone\u00bb shape_type=\u00bb\u00bb][vc_column column_padding=\u00bbno-extra-padding\u00bb column_padding_tablet=\u00bbinherit\u00bb column_padding_phone=\u00bbinherit\u00bb column_padding_position=\u00bball\u00bb column_element_direction_desktop=\u00bbdefault\u00bb column_element_spacing=\u00bbdefault\u00bb desktop_text_alignment=\u00bbdefault\u00bb tablet_text_alignment=\u00bbdefault\u00bb phone_text_alignment=\u00bbdefault\u00bb background_color_opacity=\u00bb1&#8243; background_hover_color_opacity=\u00bb1&#8243; column_backdrop_filter=\u00bbnone\u00bb column_shadow=\u00bbnone\u00bb column_border_radius=\u00bbnone\u00bb column_link_target=\u00bb_self\u00bb column_position=\u00bbdefault\u00bb gradient_direction=\u00bbleft_to_right\u00bb overlay_strength=\u00bb0.3&#8243; width=\u00bb1\/1&#8243; tablet_width_inherit=\u00bbdefault\u00bb animation_type=\u00bbdefault\u00bb bg_image_animation=\u00bbnone\u00bb border_type=\u00bbsimple\u00bb column_border_width=\u00bbnone\u00bb column_border_style=\u00bbsolid\u00bb][divider line_type=\u00bbSmall Line\u00bb line_alignment=\u00bbdefault\u00bb line_thickness=\u00bb4&#8243; divider_color=\u00bbaccent-color\u00bb animate=\u00bbyes\u00bb custom_height=\u00bb100&#8243; custom_line_width=\u00bb100&#8243;][\/vc_column][\/vc_row][vc_row type=\u00bbin_container\u00bb full_screen_row_position=\u00bbmiddle\u00bb column_margin=\u00bbdefault\u00bb equal_height=\u00bbyes\u00bb column_direction=\u00bbdefault\u00bb column_direction_tablet=\u00bbdefault\u00bb column_direction_phone=\u00bbdefault\u00bb scene_position=\u00bbcenter\u00bb text_color=\u00bbdark\u00bb text_align=\u00bbleft\u00bb row_border_radius=\u00bbnone\u00bb row_border_radius_applies=\u00bbbg\u00bb overflow=\u00bbvisible\u00bb overlay_strength=\u00bb0.3&#8243; gradient_direction=\u00bbleft_to_right\u00bb shape_divider_position=\u00bbbottom\u00bb bg_image_animation=\u00bbnone\u00bb shape_type=\u00bb\u00bb][vc_column column_padding=\u00bbno-extra-padding\u00bb column_padding_tablet=\u00bbinherit\u00bb column_padding_phone=\u00bbinherit\u00bb column_padding_position=\u00bball\u00bb column_element_direction_desktop=\u00bbdefault\u00bb column_element_spacing=\u00bbdefault\u00bb desktop_text_alignment=\u00bbdefault\u00bb tablet_text_alignment=\u00bbdefault\u00bb phone_text_alignment=\u00bbdefault\u00bb background_color_opacity=\u00bb1&#8243; background_hover_color_opacity=\u00bb1&#8243; column_backdrop_filter=\u00bbnone\u00bb column_shadow=\u00bbnone\u00bb column_border_radius=\u00bbnone\u00bb column_link_target=\u00bb_self\u00bb column_position=\u00bbdefault\u00bb gradient_direction=\u00bbleft_to_right\u00bb overlay_strength=\u00bb0.3&#8243; width=\u00bb2\/3&#8243; tablet_width_inherit=\u00bbdefault\u00bb animation_type=\u00bbdefault\u00bb bg_image_animation=\u00bbnone\u00bb border_type=\u00bbsimple\u00bb column_border_width=\u00bbnone\u00bb column_border_style=\u00bbsolid\u00bb][vc_column_text css=\u00bb\u00bb text_direction=\u00bbdefault\u00bb]La Catedral de Barcelona cuenta con tres \u00f3rganos en la propia Bas\u00edlica, y otro \u00f3rgano hist\u00f3rico en la iglesia de Sant Sever. El \u00f3rgano acompa\u00f1a en las celebraciones eucar\u00edsticas y en la oraci\u00f3n del oficio divino.<\/p>\n<p><em>Organistas actuales de la Catedral de Barcelona:<\/em> Josep M. Escalona i Canyet, Josep M. Nogu\u00e9s Rod\u00e9s y H\u00e8ctor\u00a0Paris Casadell\u00e0.<\/p>\n<p><em>Director art\u00edstico del Ciclo de \u00d3rgano:<\/em> Juan de la Rubia.<\/p>\n<p>&nbsp;<\/p>\n<h3>I. EL \u00d3RGANO MAYOR<\/h3>\n<p>El \u00f3rgano mayor de la Catedral es de gran inter\u00e9s art\u00edstico, lit\u00fargico e hist\u00f3rico. Se encuentra en el interior de la nave, bajo el campanario, en la galer\u00eda superior, sobre el portal de Sant Iu. Fue construido entre los a\u00f1os 1537 y 1539.<\/p>\n<blockquote><p>El \u00f3rgano de la Catedral fue reparado y restaurado durante los a\u00f1os 1985-1994 por Gabriel Blancafort. Desde 1990 se programan mensualmente conciertos en el Ciclo de \u00d3rgano, con gran \u00e9xito de p\u00fablico.<\/p><\/blockquote>\n<p>La caja estaba cerrada con sargas decoradas con gris\u00e1ceas por el artista Pere Pau Seraf\u00ed \u201cel Griego\u201d. Estas sarjas del \u00f3rgano principal se encuentran en la sala de exposiciones de la iglesia de San Severo (en la calle de Sant Sever, n\u00famero 9), y en el Museo de la Sala Capitular, en el claustro de la Catedral.<\/p>\n<p><a href=\"https:\/\/catedralbcn.org\/wp-content\/uploads\/2025\/07\/Descripcion-del-instrumento-OM.pdf\" target=\"_blank\" rel=\"noopener\">Descripci\u00f3n del instrumento<\/a>[\/vc_column_text][image_with_animation image_url=\u00bb330&#8243; image_size=\u00bbfull\u00bb animation_type=\u00bbentrance\u00bb animation=\u00bbFade In\u00bb animation_easing=\u00bbdefault\u00bb animation_movement_type=\u00bbtransform_y\u00bb hover_animation=\u00bbnone\u00bb alignment=\u00bb\u00bb border_radius=\u00bbnone\u00bb box_shadow=\u00bbnone\u00bb image_loading=\u00bbdefault\u00bb max_width=\u00bb100%\u00bb max_width_mobile=\u00bbdefault\u00bb][divider line_type=\u00bbSmall Line\u00bb line_alignment=\u00bbdefault\u00bb line_thickness=\u00bb4&#8243; divider_color=\u00bbaccent-color\u00bb animate=\u00bbyes\u00bb custom_height=\u00bb100&#8243; custom_line_width=\u00bb100&#8243;][vc_column_text css=\u00bb\u00bb text_direction=\u00bbdefault\u00bb]\n<h3>II.\u00a0<strong>EL \u00d3RGANO DE LA CAPILLA DEL SANT\u00cdSIMO<\/strong><\/h3>\n<p>En esta capilla (tambi\u00e9n conocida como \u00abdel Santo Cristo de Lepanto\u00bb), la Catedral conserva un \u00f3rgano positivo hist\u00f3rico de 1712, atribuido a Josep Bosc\u00e0. Restaurado en 1974 por Gabriel Blancafort. El \u00f3rgano recibi\u00f3 una segunda restauraci\u00f3n en 2019 a cargo de Albert Blancafort y con la participaci\u00f3n de \u00d3scar Laguna.<\/p>\n<p><a href=\"https:\/\/catedralbcn.org\/wp-content\/uploads\/2025\/07\/Descripcion-del-instrumento-S.pdf\" target=\"_blank\" rel=\"noopener\">Descripci\u00f3n del instrumento<\/a>[\/vc_column_text][image_with_animation image_url=\u00bb9114&#8243; image_size=\u00bbfull\u00bb animation_type=\u00bbentrance\u00bb animation=\u00bbFade In\u00bb animation_easing=\u00bbdefault\u00bb animation_movement_type=\u00bbtransform_y\u00bb hover_animation=\u00bbnone\u00bb alignment=\u00bb\u00bb border_radius=\u00bbnone\u00bb box_shadow=\u00bbnone\u00bb image_loading=\u00bbdefault\u00bb max_width=\u00bb100%\u00bb max_width_mobile=\u00bbdefault\u00bb][divider line_type=\u00bbSmall Line\u00bb line_alignment=\u00bbdefault\u00bb line_thickness=\u00bb4&#8243; divider_color=\u00bbaccent-color\u00bb animate=\u00bbyes\u00bb custom_height=\u00bb100&#8243; custom_line_width=\u00bb100&#8243;][vc_column_text css=\u00bb\u00bb text_direction=\u00bbdefault\u00bb]\n<h3>III. <strong>EL \u00d3RGANO DEL CORO<\/strong><\/h3>\n<p>El Coro de la Catedral es el espacio donde el Cabildo de Can\u00f3nigos canta el Oficio Divino. Para acompa\u00f1ar estas celebraciones, en 2021 la Catedral adquiri\u00f3 un \u00f3rgano positivo.<\/p>\n<p><a href=\"https:\/\/catedralbcn.org\/wp-content\/uploads\/2025\/07\/Descripcion-de-instrumento-C.pdf\" target=\"_blank\" rel=\"noopener\">Descripci\u00f3n de instrumento<\/a>[\/vc_column_text][image_with_animation image_url=\u00bb9121&#8243; image_size=\u00bbfull\u00bb animation_type=\u00bbentrance\u00bb animation=\u00bbFade In\u00bb animation_easing=\u00bbdefault\u00bb animation_movement_type=\u00bbtransform_y\u00bb hover_animation=\u00bbnone\u00bb alignment=\u00bb\u00bb border_radius=\u00bbnone\u00bb box_shadow=\u00bbnone\u00bb image_loading=\u00bbdefault\u00bb max_width=\u00bb100%\u00bb max_width_mobile=\u00bbdefault\u00bb][divider line_type=\u00bbSmall Line\u00bb line_alignment=\u00bbdefault\u00bb line_thickness=\u00bb4&#8243; divider_color=\u00bbaccent-color\u00bb animate=\u00bbyes\u00bb custom_height=\u00bb100&#8243; custom_line_width=\u00bb100&#8243;][vc_column_text css=\u00bb\u00bb text_direction=\u00bbdefault\u00bb]\n<h3>IV. <strong>EL \u00d3RGANO DE LA IGLESIA DE SAN SEVERO<\/strong><\/h3>\n<p>La iglesia de San Severo, perteneciente al Cabildo de la Catedral y situada muy cerca (en la calle de Sant Sever n. 11), es una aut\u00e9ntica joya del barroco. Su construcci\u00f3n finaliz\u00f3 en 1704.<\/p>\n<p>El \u00f3rgano de San Severo es de estilo barroco, construido el a\u00f1o 1721 por Josep Bosc\u00e0. Es uno de los pocos instrumentos hist\u00f3ricos que sobrevivi\u00f3 a la guerra civil y sin duda el \u00f3rgano hist\u00f3rico mejor conservado de Barcelona.<\/p>\n<p>La \u00faltima intervenci\u00f3n fue de 1988, ejecutada por Gabriel Blancafort.<\/p>\n<p><a href=\"https:\/\/catedralbcn.org\/wp-content\/uploads\/2025\/07\/Descripcion-del-instrumento-St-S.pdf\" target=\"_blank\" rel=\"noopener\">Descripci\u00f3n del instrumento<\/a>[\/vc_column_text][image_with_animation image_url=\u00bb11593&#8243; image_size=\u00bbfull\u00bb animation_type=\u00bbentrance\u00bb animation=\u00bbFade In\u00bb animation_easing=\u00bbdefault\u00bb animation_movement_type=\u00bbtransform_y\u00bb hover_animation=\u00bbnone\u00bb alignment=\u00bb\u00bb border_radius=\u00bbnone\u00bb box_shadow=\u00bbnone\u00bb image_loading=\u00bbdefault\u00bb max_width=\u00bb100%\u00bb max_width_mobile=\u00bbdefault\u00bb][\/vc_column][vc_column column_padding=\u00bbpadding-5-percent\u00bb column_padding_tablet=\u00bbinherit\u00bb column_padding_phone=\u00bbinherit\u00bb column_padding_position=\u00bball\u00bb column_element_direction_desktop=\u00bbdefault\u00bb column_element_spacing=\u00bbdefault\u00bb desktop_text_alignment=\u00bbdefault\u00bb tablet_text_alignment=\u00bbdefault\u00bb phone_text_alignment=\u00bbdefault\u00bb background_color=\u00bb#f9f9f9&#8243; background_color_opacity=\u00bb1&#8243; background_hover_color_opacity=\u00bb1&#8243; column_backdrop_filter=\u00bbnone\u00bb column_shadow=\u00bbnone\u00bb column_border_radius=\u00bbnone\u00bb column_link_target=\u00bb_self\u00bb column_position=\u00bbdefault\u00bb gradient_direction=\u00bbleft_to_right\u00bb overlay_strength=\u00bb0.3&#8243; width=\u00bb1\/3&#8243; tablet_width_inherit=\u00bbdefault\u00bb animation_type=\u00bbdefault\u00bb bg_image_animation=\u00bbnone\u00bb border_type=\u00bbsimple\u00bb column_border_width=\u00bbnone\u00bb column_border_style=\u00bbsolid\u00bb][vc_column_text css=\u00bb\u00bb text_direction=\u00bbdefault\u00bb]\n<h2>XXXVI Ciclo de Conciertos de \u00d3rgano<\/h2>\n[\/vc_column_text][image_with_animation image_url=\u00bb12186&#8243; image_size=\u00bbfull\u00bb animation_type=\u00bbentrance\u00bb animation=\u00bbFade In\u00bb animation_easing=\u00bbdefault\u00bb animation_movement_type=\u00bbtransform_y\u00bb hover_animation=\u00bbcolor-overlay\u00bb hover_overlay_color=\u00bb#c22622&#8243; alignment=\u00bb\u00bb img_link_large=\u00bbyes\u00bb img_link_caption=\u00bbyes\u00bb border_radius=\u00bbnone\u00bb box_shadow=\u00bbnone\u00bb image_loading=\u00bbdefault\u00bb max_width=\u00bb100%\u00bb max_width_mobile=\u00bbdefault\u00bb][\/vc_column][\/vc_row]\n","protected":false},"excerpt":{"rendered":"<p>[vc_row type=\u00bbin_container\u00bb full_screen_row_position=\u00bbmiddle\u00bb column_margin=\u00bbdefault\u00bb column_direction=\u00bbdefault\u00bb column_direction_tablet=\u00bbdefault\u00bb column_direction_phone=\u00bbdefault\u00bb scene_position=\u00bbcenter\u00bb text_color=\u00bbdark\u00bb text_align=\u00bbleft\u00bb row_border_radius=\u00bbnone\u00bb row_border_radius_applies=\u00bbbg\u00bb overflow=\u00bbvisible\u00bb overlay_strength=\u00bb0.3&#8243; gradient_direction=\u00bbleft_to_right\u00bb shape_divider_position=\u00bbbottom\u00bb bg_image_animation=\u00bbnone\u00bb shape_type=\u00bb\u00bb][vc_column column_padding=\u00bbno-extra-padding\u00bb column_padding_tablet=\u00bbinherit\u00bb column_padding_phone=\u00bbinherit\u00bb column_padding_position=\u00bball\u00bb column_element_direction_desktop=\u00bbdefault\u00bb column_element_spacing=\u00bbdefault\u00bb desktop_text_alignment=\u00bbdefault\u00bb tablet_text_alignment=\u00bbdefault\u00bb phone_text_alignment=\u00bbdefault\u00bb background_color_opacity=\u00bb1&#8243; background_hover_color_opacity=\u00bb1&#8243; column_backdrop_filter=\u00bbnone\u00bb&#8230;<\/p>\n","protected":false},"author":1,"featured_media":0,"parent":2056,"menu_order":0,"comment_status":"closed","ping_status":"closed","template":"","meta":{"xn-wppe-expiration":[],"xn-wppe-expiration-action":[],"xn-wppe-expiration-prefix":[],"footnotes":"","_links_to":"","_links_to_target":""},"class_list":["post-2096","page","type-page","status-publish"],"yoast_head":"<!-- This site is optimized with the Yoast SEO plugin v23.7 - https:\/\/yoast.com\/wordpress\/plugins\/seo\/ -->\n<title>Los \u00d3rganos de la Catedral - SANTA ESGL\u00c9SIA CATEDRAL BAS\u00cdLICA METROPOLITANA DE BARCELONA<\/title>\n<meta name=\"robots\" content=\"index, follow, max-snippet:-1, max-image-preview:large, max-video-preview:-1\" \/>\n<link rel=\"canonical\" href=\"https:\/\/catedralbcn.org\/es\/la-catedral\/los-organos-de-la-catedral\/\" \/>\n<meta property=\"og:locale\" content=\"es_ES\" \/>\n<meta property=\"og:type\" content=\"article\" \/>\n<meta property=\"og:title\" content=\"Los \u00d3rganos de la Catedral - SANTA ESGL\u00c9SIA CATEDRAL BAS\u00cdLICA METROPOLITANA DE BARCELONA\" \/>\n<meta property=\"og:description\" content=\"[vc_row type=\u00bbin_container\u00bb full_screen_row_position=\u00bbmiddle\u00bb column_margin=\u00bbdefault\u00bb column_direction=\u00bbdefault\u00bb column_direction_tablet=\u00bbdefault\u00bb column_direction_phone=\u00bbdefault\u00bb scene_position=\u00bbcenter\u00bb text_color=\u00bbdark\u00bb text_align=\u00bbleft\u00bb row_border_radius=\u00bbnone\u00bb row_border_radius_applies=\u00bbbg\u00bb overflow=\u00bbvisible\u00bb overlay_strength=\u00bb0.3&#8243; gradient_direction=\u00bbleft_to_right\u00bb shape_divider_position=\u00bbbottom\u00bb bg_image_animation=\u00bbnone\u00bb shape_type=\u00bb\u00bb][vc_column column_padding=\u00bbno-extra-padding\u00bb column_padding_tablet=\u00bbinherit\u00bb column_padding_phone=\u00bbinherit\u00bb column_padding_position=\u00bball\u00bb column_element_direction_desktop=\u00bbdefault\u00bb column_element_spacing=\u00bbdefault\u00bb desktop_text_alignment=\u00bbdefault\u00bb tablet_text_alignment=\u00bbdefault\u00bb phone_text_alignment=\u00bbdefault\u00bb background_color_opacity=\u00bb1&#8243; background_hover_color_opacity=\u00bb1&#8243; column_backdrop_filter=\u00bbnone\u00bb...\" \/>\n<meta property=\"og:url\" content=\"https:\/\/catedralbcn.org\/es\/la-catedral\/los-organos-de-la-catedral\/\" \/>\n<meta property=\"og:site_name\" content=\"SANTA ESGL\u00c9SIA CATEDRAL BAS\u00cdLICA METROPOLITANA DE BARCELONA\" \/>\n<meta property=\"article:modified_time\" content=\"2025-10-27T12:08:37+00:00\" \/>\n<meta name=\"twitter:card\" content=\"summary_large_image\" \/>\n<meta name=\"twitter:label1\" content=\"Tiempo de lectura\" \/>\n\t<meta name=\"twitter:data1\" content=\"2 minutos\" \/>\n<script type=\"application\/ld+json\" class=\"yoast-schema-graph\">{\"@context\":\"https:\/\/schema.org\",\"@graph\":[{\"@type\":\"WebPage\",\"@id\":\"https:\/\/catedralbcn.org\/es\/la-catedral\/los-organos-de-la-catedral\/\",\"url\":\"https:\/\/catedralbcn.org\/es\/la-catedral\/los-organos-de-la-catedral\/\",\"name\":\"Los \u00d3rganos de la Catedral - SANTA ESGL\u00c9SIA CATEDRAL BAS\u00cdLICA METROPOLITANA DE BARCELONA\",\"isPartOf\":{\"@id\":\"https:\/\/catedralbcn.org\/es\/#website\"},\"datePublished\":\"2022-01-24T14:43:49+00:00\",\"dateModified\":\"2025-10-27T12:08:37+00:00\",\"breadcrumb\":{\"@id\":\"https:\/\/catedralbcn.org\/es\/la-catedral\/los-organos-de-la-catedral\/#breadcrumb\"},\"inLanguage\":\"es\",\"potentialAction\":[{\"@type\":\"ReadAction\",\"target\":[\"https:\/\/catedralbcn.org\/es\/la-catedral\/los-organos-de-la-catedral\/\"]}]},{\"@type\":\"BreadcrumbList\",\"@id\":\"https:\/\/catedralbcn.org\/es\/la-catedral\/los-organos-de-la-catedral\/#breadcrumb\",\"itemListElement\":[{\"@type\":\"ListItem\",\"position\":1,\"name\":\"Inicio\",\"item\":\"https:\/\/catedralbcn.org\/es\/\"},{\"@type\":\"ListItem\",\"position\":2,\"name\":\"La Catedral\",\"item\":\"https:\/\/catedralbcn.org\/es\/la-catedral\/\"},{\"@type\":\"ListItem\",\"position\":3,\"name\":\"Los \u00d3rganos de la Catedral\"}]},{\"@type\":\"WebSite\",\"@id\":\"https:\/\/catedralbcn.org\/es\/#website\",\"url\":\"https:\/\/catedralbcn.org\/es\/\",\"name\":\"SANTA ESGL\u00c9SIA CATEDRAL BAS\u00cdLICA METROPOLITANA DE BARCELONA\",\"description\":\"Catedral de Barcelona\",\"potentialAction\":[{\"@type\":\"SearchAction\",\"target\":{\"@type\":\"EntryPoint\",\"urlTemplate\":\"https:\/\/catedralbcn.org\/es\/?s={search_term_string}\"},\"query-input\":{\"@type\":\"PropertyValueSpecification\",\"valueRequired\":true,\"valueName\":\"search_term_string\"}}],\"inLanguage\":\"es\"}]}<\/script>\n<!-- \/ Yoast SEO plugin. -->","yoast_head_json":{"title":"Los \u00d3rganos de la Catedral - SANTA ESGL\u00c9SIA CATEDRAL BAS\u00cdLICA METROPOLITANA DE BARCELONA","robots":{"index":"index","follow":"follow","max-snippet":"max-snippet:-1","max-image-preview":"max-image-preview:large","max-video-preview":"max-video-preview:-1"},"canonical":"https:\/\/catedralbcn.org\/es\/la-catedral\/los-organos-de-la-catedral\/","og_locale":"es_ES","og_type":"article","og_title":"Los \u00d3rganos de la Catedral - SANTA ESGL\u00c9SIA CATEDRAL BAS\u00cdLICA METROPOLITANA DE BARCELONA","og_description":"[vc_row type=\u00bbin_container\u00bb full_screen_row_position=\u00bbmiddle\u00bb column_margin=\u00bbdefault\u00bb column_direction=\u00bbdefault\u00bb column_direction_tablet=\u00bbdefault\u00bb column_direction_phone=\u00bbdefault\u00bb scene_position=\u00bbcenter\u00bb text_color=\u00bbdark\u00bb text_align=\u00bbleft\u00bb row_border_radius=\u00bbnone\u00bb row_border_radius_applies=\u00bbbg\u00bb overflow=\u00bbvisible\u00bb overlay_strength=\u00bb0.3&#8243; gradient_direction=\u00bbleft_to_right\u00bb shape_divider_position=\u00bbbottom\u00bb bg_image_animation=\u00bbnone\u00bb shape_type=\u00bb\u00bb][vc_column column_padding=\u00bbno-extra-padding\u00bb column_padding_tablet=\u00bbinherit\u00bb column_padding_phone=\u00bbinherit\u00bb column_padding_position=\u00bball\u00bb column_element_direction_desktop=\u00bbdefault\u00bb column_element_spacing=\u00bbdefault\u00bb desktop_text_alignment=\u00bbdefault\u00bb tablet_text_alignment=\u00bbdefault\u00bb phone_text_alignment=\u00bbdefault\u00bb background_color_opacity=\u00bb1&#8243; background_hover_color_opacity=\u00bb1&#8243; column_backdrop_filter=\u00bbnone\u00bb...","og_url":"https:\/\/catedralbcn.org\/es\/la-catedral\/los-organos-de-la-catedral\/","og_site_name":"SANTA ESGL\u00c9SIA CATEDRAL BAS\u00cdLICA METROPOLITANA DE BARCELONA","article_modified_time":"2025-10-27T12:08:37+00:00","twitter_card":"summary_large_image","twitter_misc":{"Tiempo de lectura":"2 minutos"},"schema":{"@context":"https:\/\/schema.org","@graph":[{"@type":"WebPage","@id":"https:\/\/catedralbcn.org\/es\/la-catedral\/los-organos-de-la-catedral\/","url":"https:\/\/catedralbcn.org\/es\/la-catedral\/los-organos-de-la-catedral\/","name":"Los \u00d3rganos de la Catedral - SANTA ESGL\u00c9SIA CATEDRAL BAS\u00cdLICA METROPOLITANA DE BARCELONA","isPartOf":{"@id":"https:\/\/catedralbcn.org\/es\/#website"},"datePublished":"2022-01-24T14:43:49+00:00","dateModified":"2025-10-27T12:08:37+00:00","breadcrumb":{"@id":"https:\/\/catedralbcn.org\/es\/la-catedral\/los-organos-de-la-catedral\/#breadcrumb"},"inLanguage":"es","potentialAction":[{"@type":"ReadAction","target":["https:\/\/catedralbcn.org\/es\/la-catedral\/los-organos-de-la-catedral\/"]}]},{"@type":"BreadcrumbList","@id":"https:\/\/catedralbcn.org\/es\/la-catedral\/los-organos-de-la-catedral\/#breadcrumb","itemListElement":[{"@type":"ListItem","position":1,"name":"Inicio","item":"https:\/\/catedralbcn.org\/es\/"},{"@type":"ListItem","position":2,"name":"La Catedral","item":"https:\/\/catedralbcn.org\/es\/la-catedral\/"},{"@type":"ListItem","position":3,"name":"Los \u00d3rganos de la Catedral"}]},{"@type":"WebSite","@id":"https:\/\/catedralbcn.org\/es\/#website","url":"https:\/\/catedralbcn.org\/es\/","name":"SANTA ESGL\u00c9SIA CATEDRAL BAS\u00cdLICA METROPOLITANA DE BARCELONA","description":"Catedral de Barcelona","potentialAction":[{"@type":"SearchAction","target":{"@type":"EntryPoint","urlTemplate":"https:\/\/catedralbcn.org\/es\/?s={search_term_string}"},"query-input":{"@type":"PropertyValueSpecification","valueRequired":true,"valueName":"search_term_string"}}],"inLanguage":"es"}]}},"_links":{"self":[{"href":"https:\/\/catedralbcn.org\/es\/wp-json\/wp\/v2\/pages\/2096","targetHints":{"allow":["GET"]}}],"collection":[{"href":"https:\/\/catedralbcn.org\/es\/wp-json\/wp\/v2\/pages"}],"about":[{"href":"https:\/\/catedralbcn.org\/es\/wp-json\/wp\/v2\/types\/page"}],"author":[{"embeddable":true,"href":"https:\/\/catedralbcn.org\/es\/wp-json\/wp\/v2\/users\/1"}],"replies":[{"embeddable":true,"href":"https:\/\/catedralbcn.org\/es\/wp-json\/wp\/v2\/comments?post=2096"}],"version-history":[{"count":0,"href":"https:\/\/catedralbcn.org\/es\/wp-json\/wp\/v2\/pages\/2096\/revisions"}],"up":[{"embeddable":true,"href":"https:\/\/catedralbcn.org\/es\/wp-json\/wp\/v2\/pages\/2056"}],"wp:attachment":[{"href":"https:\/\/catedralbcn.org\/es\/wp-json\/wp\/v2\/media?parent=2096"}],"curies":[{"name":"wp","href":"https:\/\/api.w.org\/{rel}","templated":true}]}}