{"id":2240,"date":"2022-01-25T13:00:01","date_gmt":"2022-01-25T13:00:01","guid":{"rendered":"https:\/\/catedralbcn.org\/?page_id=2240"},"modified":"2023-05-03T11:03:54","modified_gmt":"2023-05-03T11:03:54","slug":"el-sant-crist-de-lepant","status":"publish","type":"page","link":"https:\/\/catedralbcn.org\/es\/culto-y-oracion\/santos\/el-sant-crist-de-lepant\/","title":{"rendered":"El Santo Cristo de Lepanto"},"content":{"rendered":"[vc_row type=\u00bbin_container\u00bb full_screen_row_position=\u00bbmiddle\u00bb column_margin=\u00bbdefault\u00bb column_direction=\u00bbdefault\u00bb column_direction_tablet=\u00bbdefault\u00bb column_direction_phone=\u00bbdefault\u00bb scene_position=\u00bbcenter\u00bb text_color=\u00bbdark\u00bb text_align=\u00bbleft\u00bb row_border_radius=\u00bbnone\u00bb row_border_radius_applies=\u00bbbg\u00bb overlay_strength=\u00bb0.3&#8243; gradient_direction=\u00bbleft_to_right\u00bb shape_divider_position=\u00bbbottom\u00bb bg_image_animation=\u00bbnone\u00bb shape_type=\u00bb\u00bb][vc_column column_padding=\u00bbno-extra-padding\u00bb column_padding_tablet=\u00bbinherit\u00bb column_padding_phone=\u00bbinherit\u00bb column_padding_position=\u00bball\u00bb column_element_spacing=\u00bbdefault\u00bb background_color_opacity=\u00bb1&#8243; background_hover_color_opacity=\u00bb1&#8243; column_shadow=\u00bbnone\u00bb column_border_radius=\u00bbnone\u00bb column_link_target=\u00bb_self\u00bb gradient_direction=\u00bbleft_to_right\u00bb overlay_strength=\u00bb0.3&#8243; width=\u00bb1\/1&#8243; tablet_width_inherit=\u00bbdefault\u00bb tablet_text_alignment=\u00bbdefault\u00bb phone_text_alignment=\u00bbdefault\u00bb bg_image_animation=\u00bbnone\u00bb border_type=\u00bbsimple\u00bb column_border_width=\u00bbnone\u00bb column_border_style=\u00bbsolid\u00bb][divider line_type=\u00bbSmall Line\u00bb line_alignment=\u00bbdefault\u00bb line_thickness=\u00bb4&#8243; divider_color=\u00bbaccent-color\u00bb animate=\u00bbyes\u00bb custom_height=\u00bb100&#8243; custom_line_width=\u00bb100&#8243;][\/vc_column][\/vc_row][vc_row type=\u00bbin_container\u00bb full_screen_row_position=\u00bbmiddle\u00bb column_margin=\u00bbdefault\u00bb column_direction=\u00bbdefault\u00bb column_direction_tablet=\u00bbdefault\u00bb column_direction_phone=\u00bbdefault\u00bb scene_position=\u00bbcenter\u00bb text_color=\u00bbdark\u00bb text_align=\u00bbleft\u00bb row_border_radius=\u00bbnone\u00bb row_border_radius_applies=\u00bbbg\u00bb disable_element=\u00bbyes\u00bb overlay_strength=\u00bb0.3&#8243; gradient_direction=\u00bbleft_to_right\u00bb shape_divider_position=\u00bbbottom\u00bb bg_image_animation=\u00bbnone\u00bb shape_type=\u00bb\u00bb][vc_column column_padding=\u00bbno-extra-padding\u00bb column_padding_tablet=\u00bbinherit\u00bb column_padding_phone=\u00bbinherit\u00bb column_padding_position=\u00bball\u00bb column_element_spacing=\u00bbdefault\u00bb background_color_opacity=\u00bb1&#8243; background_hover_color_opacity=\u00bb1&#8243; column_shadow=\u00bbnone\u00bb column_border_radius=\u00bbnone\u00bb column_link_target=\u00bb_self\u00bb gradient_direction=\u00bbleft_to_right\u00bb overlay_strength=\u00bb0.3&#8243; width=\u00bb1\/1&#8243; tablet_width_inherit=\u00bbdefault\u00bb tablet_text_alignment=\u00bbdefault\u00bb phone_text_alignment=\u00bbdefault\u00bb bg_image_animation=\u00bbnone\u00bb border_type=\u00bbsimple\u00bb column_border_width=\u00bbnone\u00bb column_border_style=\u00bbsolid\u00bb][vc_column_text]El Santo Cristo de Lepanto de la Catedral de Barcelona se encuentra el la capilla del Sant\u00edsimo, justo encima del sepulcro de San Olegario. Tiene una p\u00e1tina que lo hace ennegrecer.<\/p>\n<p>Existe una leyenda que dice que este Santo Cristo estuvo presente en la batalla de Lepanto del a\u00f1o 1571, precisamente en la nave capitana de Juan de Austria, hermanastro de Felipe II. Esta fue una batalla decisiva. Y gracias a ella los turcos no pudieron avanzar hacia Europa. Permanecieron a las puertas del continente cristiano, y por eso el papa San Pio V estableci\u00f3 la fiesta del Nuestra Se\u00f1ora del Rosario el 7 de octubre.<\/p>\n<p>Tambi\u00e9n hay una leyenda que dice que el Santo Cristo, en plena batalla, esquiv\u00f3 una bala y a eso se deber\u00eda la inclinaci\u00f3n de su cuerpo. Otros han dicho que se encontraba en la bodega de la nave y que aproxim\u00f3 su cuerpo para tapar un gran agujero que hubiera hecho naufragar la embarcaci\u00f3n capitana.[\/vc_column_text][image_with_animation image_url=\u00bb2242&#8243; animation=\u00bbFade In\u00bb hover_animation=\u00bbnone\u00bb alignment=\u00bb\u00bb border_radius=\u00bbnone\u00bb box_shadow=\u00bbnone\u00bb image_loading=\u00bbdefault\u00bb max_width=\u00bb100%\u00bb max_width_mobile=\u00bbdefault\u00bb][\/vc_column][\/vc_row][vc_row type=\u00bbin_container\u00bb full_screen_row_position=\u00bbmiddle\u00bb column_margin=\u00bbdefault\u00bb column_direction=\u00bbdefault\u00bb column_direction_tablet=\u00bbdefault\u00bb column_direction_phone=\u00bbdefault\u00bb scene_position=\u00bbcenter\u00bb text_color=\u00bbdark\u00bb text_align=\u00bbleft\u00bb row_border_radius=\u00bbnone\u00bb row_border_radius_applies=\u00bbbg\u00bb overlay_strength=\u00bb0.3&#8243; gradient_direction=\u00bbleft_to_right\u00bb shape_divider_position=\u00bbbottom\u00bb bg_image_animation=\u00bbnone\u00bb shape_type=\u00bb\u00bb][vc_column column_padding=\u00bbno-extra-padding\u00bb column_padding_tablet=\u00bbinherit\u00bb column_padding_phone=\u00bbinherit\u00bb column_padding_position=\u00bball\u00bb column_element_spacing=\u00bbdefault\u00bb background_color_opacity=\u00bb1&#8243; background_hover_color_opacity=\u00bb1&#8243; column_shadow=\u00bbnone\u00bb column_border_radius=\u00bbnone\u00bb column_link_target=\u00bb_self\u00bb gradient_direction=\u00bbleft_to_right\u00bb overlay_strength=\u00bb0.3&#8243; width=\u00bb1\/1&#8243; tablet_width_inherit=\u00bbdefault\u00bb tablet_text_alignment=\u00bbdefault\u00bb phone_text_alignment=\u00bbdefault\u00bb bg_image_animation=\u00bbnone\u00bb border_type=\u00bbsimple\u00bb column_border_width=\u00bbnone\u00bb column_border_style=\u00bbsolid\u00bb][vc_column_text]\n<h2><img decoding=\"async\" class=\" wp-image-6808 aligncenter\" src=\"https:\/\/catedralbcn.org\/wp-content\/uploads\/2023\/05\/logo-sant-crist-de-lepant.png\" alt=\"\" width=\"329\" height=\"134\" srcset=\"https:\/\/catedralbcn.org\/wp-content\/uploads\/2023\/05\/logo-sant-crist-de-lepant.png 800w, https:\/\/catedralbcn.org\/wp-content\/uploads\/2023\/05\/logo-sant-crist-de-lepant-600x245.png 600w, https:\/\/catedralbcn.org\/wp-content\/uploads\/2023\/05\/logo-sant-crist-de-lepant-300x122.png 300w, https:\/\/catedralbcn.org\/wp-content\/uploads\/2023\/05\/logo-sant-crist-de-lepant-768x313.png 768w\" sizes=\"(max-width: 329px) 100vw, 329px\" \/><br \/>\nLa imagen m\u00e1s venerada de Barcelona<\/h2>\n<p>El proceso de restauraci\u00f3n ha hecho visible la magn\u00edfica y antigua policrom\u00eda desconocida de la talla de madera, en muy buen estado. Puede apreciarse la expresividad de la cara y el realismo de las heridas propias de la Pasi\u00f3n.<\/p>\n<p>Los historiadores del arte, especialistas en escultura, se\u00f1alan que la imagen podr\u00eda ser del siglo XIII. En cualquier caso, no es una imagen del siglo XVI como se pensaba hasta ahora.<\/p>\n<h2>Devoci\u00f3n<\/h2>\n<p>El Santo Cristo de Lepanto es la imagen m\u00e1s venerada de Barcelona. La mayor parte del a\u00f1o se encuentra en la capilla del Sant\u00edsimo de la Catedral de Barcelona, y durante la Cuaresma se puede venerar en la capilla de San Severo.<\/p>\n<p>La devoci\u00f3n popular est\u00e1 viva, y ha continuado a lo largo de los siglos. Reflejo de esta estima, naci\u00f3 la cofrad\u00eda del Santo Cristo de Lepanto, con evidencia documental desde 1651, para custodiar la capilla y el culto en torno al santo Cristo, sobre todo durante la Semana Santa.<\/p>\n<h2>Restauraci\u00f3n<\/h2>\n<p>Se decidi\u00f3 iniciar la consolidaci\u00f3n de la talla porque la pintura estaba cayendo. Tras el estudio de la composici\u00f3n de la policrom\u00eda, se ha fijado el colorcon delicadeza en las zonas m\u00e1s estropeadas, y se ha limpiado toda la imagen.<\/p>\n<p>El color oscurecido puede atribuirse al efecto del humo y la cera de las velas, pero tambi\u00e9n a restos de barnices del siglo XIX y repintes posteriores para igualar el color del humo y el holl\u00edn, materiales que se han retirado con facilidad y paciencia.<\/p>\n<h2>Historia<\/h2>\n<p>Es una talla g\u00f3tica, posiblemente del siglo XIII, poco documentada hasta ahora. Hay noticias de una imagen de un Santo Cristo en la Catedral de Barcelona desde el siglo XV, que podr\u00eda serla misma.<\/p>\n<p>Algunos grabados y pinturas conservadossugieren que a fines del siglo XIX no estaba ennegrecida.<\/p>\n<h2>Tradici\u00f3n<\/h2>\n<p>Seg\u00fan la tradici\u00f3n, este Santo Cristo fue a la nave capitana de la decisiva Batalla de Lepanto de 1571, que impidi\u00f3 el avance del imperio Otomano hacia Europa.<\/p>\n<p>Hay una doble tradici\u00f3n para explicar la inclinaci\u00f3n caracter\u00edstica de su cuerpo: una dice que fue para esquivar una bala de ca\u00f1\u00f3n turca; la otra indica que fue para cubrir un agujero hecho en la nave, en la bodega donde se hallaba en ese momento, y as\u00ed evitar que el barco se hundiera.[\/vc_column_text][vc_row_inner column_margin=\u00bbdefault\u00bb column_direction=\u00bbdefault\u00bb column_direction_tablet=\u00bbdefault\u00bb column_direction_phone=\u00bbdefault\u00bb text_align=\u00bbleft\u00bb][vc_column_inner column_padding=\u00bbno-extra-padding\u00bb column_padding_tablet=\u00bbinherit\u00bb column_padding_phone=\u00bbinherit\u00bb column_padding_position=\u00bball\u00bb column_element_spacing=\u00bbdefault\u00bb background_color_opacity=\u00bb1&#8243; background_hover_color_opacity=\u00bb1&#8243; column_shadow=\u00bbnone\u00bb column_border_radius=\u00bbnone\u00bb column_link_target=\u00bb_self\u00bb gradient_direction=\u00bbleft_to_right\u00bb overlay_strength=\u00bb0.3&#8243; width=\u00bb1\/3&#8243; tablet_width_inherit=\u00bbdefault\u00bb bg_image_animation=\u00bbnone\u00bb border_type=\u00bbsimple\u00bb column_border_width=\u00bbnone\u00bb column_border_style=\u00bbsolid\u00bb][vc_gallery type=\u00bbflexslider_style\u00bb images=\u00bb6823,6826&#8243; onclick=\u00bblink_no\u00bb][\/vc_column_inner][vc_column_inner column_padding=\u00bbno-extra-padding\u00bb column_padding_tablet=\u00bbinherit\u00bb column_padding_phone=\u00bbinherit\u00bb column_padding_position=\u00bball\u00bb column_element_spacing=\u00bbdefault\u00bb background_color_opacity=\u00bb1&#8243; background_hover_color_opacity=\u00bb1&#8243; column_shadow=\u00bbnone\u00bb column_border_radius=\u00bbnone\u00bb column_link_target=\u00bb_self\u00bb gradient_direction=\u00bbleft_to_right\u00bb overlay_strength=\u00bb0.3&#8243; width=\u00bb2\/3&#8243; tablet_width_inherit=\u00bbdefault\u00bb bg_image_animation=\u00bbnone\u00bb border_type=\u00bbsimple\u00bb column_border_width=\u00bbnone\u00bb column_border_style=\u00bbsolid\u00bb][vc_column_text]https:\/\/youtu.be\/8o_2gam5ybY[\/vc_column_text][\/vc_column_inner][\/vc_row_inner][\/vc_column][\/vc_row]\n","protected":false},"excerpt":{"rendered":"<p>[vc_row type=\u00bbin_container\u00bb full_screen_row_position=\u00bbmiddle\u00bb column_margin=\u00bbdefault\u00bb column_direction=\u00bbdefault\u00bb column_direction_tablet=\u00bbdefault\u00bb column_direction_phone=\u00bbdefault\u00bb scene_position=\u00bbcenter\u00bb text_color=\u00bbdark\u00bb text_align=\u00bbleft\u00bb row_border_radius=\u00bbnone\u00bb row_border_radius_applies=\u00bbbg\u00bb overlay_strength=\u00bb0.3&#8243; gradient_direction=\u00bbleft_to_right\u00bb shape_divider_position=\u00bbbottom\u00bb bg_image_animation=\u00bbnone\u00bb shape_type=\u00bb\u00bb][vc_column column_padding=\u00bbno-extra-padding\u00bb column_padding_tablet=\u00bbinherit\u00bb column_padding_phone=\u00bbinherit\u00bb column_padding_position=\u00bball\u00bb column_element_spacing=\u00bbdefault\u00bb background_color_opacity=\u00bb1&#8243; background_hover_color_opacity=\u00bb1&#8243; column_shadow=\u00bbnone\u00bb column_border_radius=\u00bbnone\u00bb column_link_target=\u00bb_self\u00bb gradient_direction=\u00bbleft_to_right\u00bb overlay_strength=\u00bb0.3&#8243; width=\u00bb1\/1&#8243;&#8230;<\/p>\n","protected":false},"author":1,"featured_media":0,"parent":2212,"menu_order":0,"comment_status":"closed","ping_status":"closed","template":"","meta":{"xn-wppe-expiration":[],"xn-wppe-expiration-action":[],"xn-wppe-expiration-prefix":[],"footnotes":"","_links_to":"","_links_to_target":""},"class_list":["post-2240","page","type-page","status-publish"],"yoast_head":"<!-- This site is optimized with the Yoast SEO plugin v27.3 - https:\/\/yoast.com\/product\/yoast-seo-wordpress\/ -->\n<title>El Santo Cristo de Lepanto - SANTA ESGL\u00c9SIA CATEDRAL BAS\u00cdLICA METROPOLITANA DE BARCELONA<\/title>\n<meta name=\"robots\" content=\"index, follow, max-snippet:-1, max-image-preview:large, max-video-preview:-1\" \/>\n<link rel=\"canonical\" href=\"https:\/\/catedralbcn.org\/es\/culto-y-oracion\/santos\/el-sant-crist-de-lepant\/\" \/>\n<meta property=\"og:locale\" content=\"es_ES\" \/>\n<meta property=\"og:type\" content=\"article\" \/>\n<meta property=\"og:title\" content=\"El Santo Cristo de Lepanto - SANTA ESGL\u00c9SIA CATEDRAL BAS\u00cdLICA METROPOLITANA DE BARCELONA\" \/>\n<meta property=\"og:description\" content=\"[vc_row type=\u00bbin_container\u00bb full_screen_row_position=\u00bbmiddle\u00bb column_margin=\u00bbdefault\u00bb column_direction=\u00bbdefault\u00bb column_direction_tablet=\u00bbdefault\u00bb column_direction_phone=\u00bbdefault\u00bb scene_position=\u00bbcenter\u00bb text_color=\u00bbdark\u00bb text_align=\u00bbleft\u00bb row_border_radius=\u00bbnone\u00bb row_border_radius_applies=\u00bbbg\u00bb overlay_strength=\u00bb0.3&#8243; gradient_direction=\u00bbleft_to_right\u00bb shape_divider_position=\u00bbbottom\u00bb bg_image_animation=\u00bbnone\u00bb shape_type=\u00bb\u00bb][vc_column column_padding=\u00bbno-extra-padding\u00bb column_padding_tablet=\u00bbinherit\u00bb column_padding_phone=\u00bbinherit\u00bb column_padding_position=\u00bball\u00bb column_element_spacing=\u00bbdefault\u00bb background_color_opacity=\u00bb1&#8243; background_hover_color_opacity=\u00bb1&#8243; column_shadow=\u00bbnone\u00bb column_border_radius=\u00bbnone\u00bb column_link_target=\u00bb_self\u00bb gradient_direction=\u00bbleft_to_right\u00bb overlay_strength=\u00bb0.3&#8243; width=\u00bb1\/1&#8243;...\" \/>\n<meta property=\"og:url\" content=\"https:\/\/catedralbcn.org\/es\/culto-y-oracion\/santos\/el-sant-crist-de-lepant\/\" \/>\n<meta property=\"og:site_name\" content=\"SANTA ESGL\u00c9SIA CATEDRAL BAS\u00cdLICA METROPOLITANA DE BARCELONA\" \/>\n<meta property=\"article:modified_time\" content=\"2023-05-03T11:03:54+00:00\" \/>\n<meta property=\"og:image\" content=\"https:\/\/catedralbcn.org\/wp-content\/uploads\/2023\/05\/logo-sant-crist-de-lepant.png\" \/>\n<meta name=\"twitter:card\" content=\"summary_large_image\" \/>\n<meta name=\"twitter:label1\" content=\"Tiempo de lectura\" \/>\n\t<meta name=\"twitter:data1\" content=\"6 minutos\" \/>\n<script type=\"application\/ld+json\" class=\"yoast-schema-graph\">{\"@context\":\"https:\\\/\\\/schema.org\",\"@graph\":[{\"@type\":\"WebPage\",\"@id\":\"https:\\\/\\\/catedralbcn.org\\\/es\\\/culto-y-oracion\\\/santos\\\/el-sant-crist-de-lepant\\\/\",\"url\":\"https:\\\/\\\/catedralbcn.org\\\/es\\\/culto-y-oracion\\\/santos\\\/el-sant-crist-de-lepant\\\/\",\"name\":\"El Santo Cristo de Lepanto - SANTA ESGL\u00c9SIA CATEDRAL BAS\u00cdLICA METROPOLITANA DE BARCELONA\",\"isPartOf\":{\"@id\":\"https:\\\/\\\/catedralbcn.org\\\/es\\\/#website\"},\"primaryImageOfPage\":{\"@id\":\"https:\\\/\\\/catedralbcn.org\\\/es\\\/culto-y-oracion\\\/santos\\\/el-sant-crist-de-lepant\\\/#primaryimage\"},\"image\":{\"@id\":\"https:\\\/\\\/catedralbcn.org\\\/es\\\/culto-y-oracion\\\/santos\\\/el-sant-crist-de-lepant\\\/#primaryimage\"},\"thumbnailUrl\":\"https:\\\/\\\/catedralbcn.org\\\/wp-content\\\/uploads\\\/2023\\\/05\\\/logo-sant-crist-de-lepant.png\",\"datePublished\":\"2022-01-25T13:00:01+00:00\",\"dateModified\":\"2023-05-03T11:03:54+00:00\",\"breadcrumb\":{\"@id\":\"https:\\\/\\\/catedralbcn.org\\\/es\\\/culto-y-oracion\\\/santos\\\/el-sant-crist-de-lepant\\\/#breadcrumb\"},\"inLanguage\":\"es\",\"potentialAction\":[{\"@type\":\"ReadAction\",\"target\":[\"https:\\\/\\\/catedralbcn.org\\\/es\\\/culto-y-oracion\\\/santos\\\/el-sant-crist-de-lepant\\\/\"]}]},{\"@type\":\"ImageObject\",\"inLanguage\":\"es\",\"@id\":\"https:\\\/\\\/catedralbcn.org\\\/es\\\/culto-y-oracion\\\/santos\\\/el-sant-crist-de-lepant\\\/#primaryimage\",\"url\":\"https:\\\/\\\/catedralbcn.org\\\/wp-content\\\/uploads\\\/2023\\\/05\\\/logo-sant-crist-de-lepant.png\",\"contentUrl\":\"https:\\\/\\\/catedralbcn.org\\\/wp-content\\\/uploads\\\/2023\\\/05\\\/logo-sant-crist-de-lepant.png\"},{\"@type\":\"BreadcrumbList\",\"@id\":\"https:\\\/\\\/catedralbcn.org\\\/es\\\/culto-y-oracion\\\/santos\\\/el-sant-crist-de-lepant\\\/#breadcrumb\",\"itemListElement\":[{\"@type\":\"ListItem\",\"position\":1,\"name\":\"Inicio\",\"item\":\"https:\\\/\\\/catedralbcn.org\\\/es\\\/\"},{\"@type\":\"ListItem\",\"position\":2,\"name\":\"Culto y oraci\u00f3n\",\"item\":\"https:\\\/\\\/catedralbcn.org\\\/es\\\/culto-y-oracion\\\/\"},{\"@type\":\"ListItem\",\"position\":3,\"name\":\"Santos\",\"item\":\"https:\\\/\\\/catedralbcn.org\\\/es\\\/culto-y-oracion\\\/santos\\\/\"},{\"@type\":\"ListItem\",\"position\":4,\"name\":\"El Santo Cristo de Lepanto\"}]},{\"@type\":\"WebSite\",\"@id\":\"https:\\\/\\\/catedralbcn.org\\\/es\\\/#website\",\"url\":\"https:\\\/\\\/catedralbcn.org\\\/es\\\/\",\"name\":\"SANTA ESGL\u00c9SIA CATEDRAL BAS\u00cdLICA METROPOLITANA DE BARCELONA\",\"description\":\"Catedral de Barcelona\",\"potentialAction\":[{\"@type\":\"SearchAction\",\"target\":{\"@type\":\"EntryPoint\",\"urlTemplate\":\"https:\\\/\\\/catedralbcn.org\\\/es\\\/?s={search_term_string}\"},\"query-input\":{\"@type\":\"PropertyValueSpecification\",\"valueRequired\":true,\"valueName\":\"search_term_string\"}}],\"inLanguage\":\"es\"}]}<\/script>\n<!-- \/ Yoast SEO plugin. -->","yoast_head_json":{"title":"El Santo Cristo de Lepanto - SANTA ESGL\u00c9SIA CATEDRAL BAS\u00cdLICA METROPOLITANA DE BARCELONA","robots":{"index":"index","follow":"follow","max-snippet":"max-snippet:-1","max-image-preview":"max-image-preview:large","max-video-preview":"max-video-preview:-1"},"canonical":"https:\/\/catedralbcn.org\/es\/culto-y-oracion\/santos\/el-sant-crist-de-lepant\/","og_locale":"es_ES","og_type":"article","og_title":"El Santo Cristo de Lepanto - SANTA ESGL\u00c9SIA CATEDRAL BAS\u00cdLICA METROPOLITANA DE BARCELONA","og_description":"[vc_row type=\u00bbin_container\u00bb full_screen_row_position=\u00bbmiddle\u00bb column_margin=\u00bbdefault\u00bb column_direction=\u00bbdefault\u00bb column_direction_tablet=\u00bbdefault\u00bb column_direction_phone=\u00bbdefault\u00bb scene_position=\u00bbcenter\u00bb text_color=\u00bbdark\u00bb text_align=\u00bbleft\u00bb row_border_radius=\u00bbnone\u00bb row_border_radius_applies=\u00bbbg\u00bb overlay_strength=\u00bb0.3&#8243; gradient_direction=\u00bbleft_to_right\u00bb shape_divider_position=\u00bbbottom\u00bb bg_image_animation=\u00bbnone\u00bb shape_type=\u00bb\u00bb][vc_column column_padding=\u00bbno-extra-padding\u00bb column_padding_tablet=\u00bbinherit\u00bb column_padding_phone=\u00bbinherit\u00bb column_padding_position=\u00bball\u00bb column_element_spacing=\u00bbdefault\u00bb background_color_opacity=\u00bb1&#8243; background_hover_color_opacity=\u00bb1&#8243; column_shadow=\u00bbnone\u00bb column_border_radius=\u00bbnone\u00bb column_link_target=\u00bb_self\u00bb gradient_direction=\u00bbleft_to_right\u00bb overlay_strength=\u00bb0.3&#8243; width=\u00bb1\/1&#8243;...","og_url":"https:\/\/catedralbcn.org\/es\/culto-y-oracion\/santos\/el-sant-crist-de-lepant\/","og_site_name":"SANTA ESGL\u00c9SIA CATEDRAL BAS\u00cdLICA METROPOLITANA DE BARCELONA","article_modified_time":"2023-05-03T11:03:54+00:00","og_image":[{"url":"https:\/\/catedralbcn.org\/wp-content\/uploads\/2023\/05\/logo-sant-crist-de-lepant.png","type":"","width":"","height":""}],"twitter_card":"summary_large_image","twitter_misc":{"Tiempo de lectura":"6 minutos"},"schema":{"@context":"https:\/\/schema.org","@graph":[{"@type":"WebPage","@id":"https:\/\/catedralbcn.org\/es\/culto-y-oracion\/santos\/el-sant-crist-de-lepant\/","url":"https:\/\/catedralbcn.org\/es\/culto-y-oracion\/santos\/el-sant-crist-de-lepant\/","name":"El Santo Cristo de Lepanto - SANTA ESGL\u00c9SIA CATEDRAL BAS\u00cdLICA METROPOLITANA DE BARCELONA","isPartOf":{"@id":"https:\/\/catedralbcn.org\/es\/#website"},"primaryImageOfPage":{"@id":"https:\/\/catedralbcn.org\/es\/culto-y-oracion\/santos\/el-sant-crist-de-lepant\/#primaryimage"},"image":{"@id":"https:\/\/catedralbcn.org\/es\/culto-y-oracion\/santos\/el-sant-crist-de-lepant\/#primaryimage"},"thumbnailUrl":"https:\/\/catedralbcn.org\/wp-content\/uploads\/2023\/05\/logo-sant-crist-de-lepant.png","datePublished":"2022-01-25T13:00:01+00:00","dateModified":"2023-05-03T11:03:54+00:00","breadcrumb":{"@id":"https:\/\/catedralbcn.org\/es\/culto-y-oracion\/santos\/el-sant-crist-de-lepant\/#breadcrumb"},"inLanguage":"es","potentialAction":[{"@type":"ReadAction","target":["https:\/\/catedralbcn.org\/es\/culto-y-oracion\/santos\/el-sant-crist-de-lepant\/"]}]},{"@type":"ImageObject","inLanguage":"es","@id":"https:\/\/catedralbcn.org\/es\/culto-y-oracion\/santos\/el-sant-crist-de-lepant\/#primaryimage","url":"https:\/\/catedralbcn.org\/wp-content\/uploads\/2023\/05\/logo-sant-crist-de-lepant.png","contentUrl":"https:\/\/catedralbcn.org\/wp-content\/uploads\/2023\/05\/logo-sant-crist-de-lepant.png"},{"@type":"BreadcrumbList","@id":"https:\/\/catedralbcn.org\/es\/culto-y-oracion\/santos\/el-sant-crist-de-lepant\/#breadcrumb","itemListElement":[{"@type":"ListItem","position":1,"name":"Inicio","item":"https:\/\/catedralbcn.org\/es\/"},{"@type":"ListItem","position":2,"name":"Culto y oraci\u00f3n","item":"https:\/\/catedralbcn.org\/es\/culto-y-oracion\/"},{"@type":"ListItem","position":3,"name":"Santos","item":"https:\/\/catedralbcn.org\/es\/culto-y-oracion\/santos\/"},{"@type":"ListItem","position":4,"name":"El Santo Cristo de Lepanto"}]},{"@type":"WebSite","@id":"https:\/\/catedralbcn.org\/es\/#website","url":"https:\/\/catedralbcn.org\/es\/","name":"SANTA ESGL\u00c9SIA CATEDRAL BAS\u00cdLICA METROPOLITANA DE BARCELONA","description":"Catedral de Barcelona","potentialAction":[{"@type":"SearchAction","target":{"@type":"EntryPoint","urlTemplate":"https:\/\/catedralbcn.org\/es\/?s={search_term_string}"},"query-input":{"@type":"PropertyValueSpecification","valueRequired":true,"valueName":"search_term_string"}}],"inLanguage":"es"}]}},"_links":{"self":[{"href":"https:\/\/catedralbcn.org\/es\/wp-json\/wp\/v2\/pages\/2240","targetHints":{"allow":["GET"]}}],"collection":[{"href":"https:\/\/catedralbcn.org\/es\/wp-json\/wp\/v2\/pages"}],"about":[{"href":"https:\/\/catedralbcn.org\/es\/wp-json\/wp\/v2\/types\/page"}],"author":[{"embeddable":true,"href":"https:\/\/catedralbcn.org\/es\/wp-json\/wp\/v2\/users\/1"}],"replies":[{"embeddable":true,"href":"https:\/\/catedralbcn.org\/es\/wp-json\/wp\/v2\/comments?post=2240"}],"version-history":[{"count":0,"href":"https:\/\/catedralbcn.org\/es\/wp-json\/wp\/v2\/pages\/2240\/revisions"}],"up":[{"embeddable":true,"href":"https:\/\/catedralbcn.org\/es\/wp-json\/wp\/v2\/pages\/2212"}],"wp:attachment":[{"href":"https:\/\/catedralbcn.org\/es\/wp-json\/wp\/v2\/media?parent=2240"}],"curies":[{"name":"wp","href":"https:\/\/api.w.org\/{rel}","templated":true}]}}