{"id":2290,"date":"2022-01-25T12:57:59","date_gmt":"2022-01-25T12:57:59","guid":{"rendered":"https:\/\/catedralbcn.org\/?page_id=2290"},"modified":"2022-02-04T13:36:32","modified_gmt":"2022-02-04T13:36:32","slug":"santa-eulalia","status":"publish","type":"page","link":"https:\/\/catedralbcn.org\/es\/culto-y-oracion\/santos\/santa-eulalia\/","title":{"rendered":"Santa Eulalia"},"content":{"rendered":"[vc_row type=\u00bbin_container\u00bb full_screen_row_position=\u00bbmiddle\u00bb column_margin=\u00bbdefault\u00bb column_direction=\u00bbdefault\u00bb column_direction_tablet=\u00bbdefault\u00bb column_direction_phone=\u00bbdefault\u00bb scene_position=\u00bbcenter\u00bb text_color=\u00bbdark\u00bb text_align=\u00bbleft\u00bb row_border_radius=\u00bbnone\u00bb row_border_radius_applies=\u00bbbg\u00bb overlay_strength=\u00bb0.3&#8243; gradient_direction=\u00bbleft_to_right\u00bb shape_divider_position=\u00bbbottom\u00bb bg_image_animation=\u00bbnone\u00bb shape_type=\u00bb\u00bb][vc_column column_padding=\u00bbno-extra-padding\u00bb column_padding_tablet=\u00bbinherit\u00bb column_padding_phone=\u00bbinherit\u00bb column_padding_position=\u00bball\u00bb column_element_spacing=\u00bbdefault\u00bb background_color_opacity=\u00bb1&#8243; background_hover_color_opacity=\u00bb1&#8243; column_shadow=\u00bbnone\u00bb column_border_radius=\u00bbnone\u00bb column_link_target=\u00bb_self\u00bb gradient_direction=\u00bbleft_to_right\u00bb overlay_strength=\u00bb0.3&#8243; width=\u00bb1\/1&#8243; tablet_width_inherit=\u00bbdefault\u00bb tablet_text_alignment=\u00bbdefault\u00bb phone_text_alignment=\u00bbdefault\u00bb bg_image_animation=\u00bbnone\u00bb border_type=\u00bbsimple\u00bb column_border_width=\u00bbnone\u00bb column_border_style=\u00bbsolid\u00bb][divider line_type=\u00bbSmall Line\u00bb line_alignment=\u00bbdefault\u00bb line_thickness=\u00bb4&#8243; divider_color=\u00bbaccent-color\u00bb animate=\u00bbyes\u00bb custom_height=\u00bb100&#8243; custom_line_width=\u00bb100&#8243;][\/vc_column][\/vc_row][vc_row type=\u00bbin_container\u00bb full_screen_row_position=\u00bbmiddle\u00bb column_margin=\u00bbdefault\u00bb column_direction=\u00bbdefault\u00bb column_direction_tablet=\u00bbdefault\u00bb column_direction_phone=\u00bbdefault\u00bb scene_position=\u00bbcenter\u00bb text_color=\u00bbdark\u00bb text_align=\u00bbleft\u00bb row_border_radius=\u00bbnone\u00bb row_border_radius_applies=\u00bbbg\u00bb overlay_strength=\u00bb0.3&#8243; gradient_direction=\u00bbleft_to_right\u00bb shape_divider_position=\u00bbbottom\u00bb bg_image_animation=\u00bbnone\u00bb][vc_column column_padding=\u00bbno-extra-padding\u00bb column_padding_tablet=\u00bbinherit\u00bb column_padding_phone=\u00bbinherit\u00bb column_padding_position=\u00bball\u00bb column_element_spacing=\u00bbdefault\u00bb background_color_opacity=\u00bb1&#8243; background_hover_color_opacity=\u00bb1&#8243; column_shadow=\u00bbnone\u00bb column_border_radius=\u00bbnone\u00bb column_link_target=\u00bb_self\u00bb gradient_direction=\u00bbleft_to_right\u00bb overlay_strength=\u00bb0.3&#8243; width=\u00bb1\/1&#8243; tablet_width_inherit=\u00bbdefault\u00bb tablet_text_alignment=\u00bbdefault\u00bb phone_text_alignment=\u00bbdefault\u00bb bg_image_animation=\u00bbnone\u00bb border_type=\u00bbsimple\u00bb column_border_width=\u00bbnone\u00bb column_border_style=\u00bbsolid\u00bb][vc_column_text]Uno de los recintos m\u00e1s eminentes y entra\u00f1ables de la Catedral de Barcelona es la cripta de Santa Eulalia, que acoge la magn\u00edfica tumba g\u00f3tica con elementos rom\u00e1nicos aprovechados como son los basamentos y los capiteles que sostienen la estructura del sarc\u00f3fago de m\u00e1rmol policromado inaugurado solemnemente el 1339. Se sabe que el escultor proven\u00eda de la regi\u00f3n de Pisa.<\/p>\n<p>Tambi\u00e9n sabemos que el obispo de Barcelona, Poncio de Gualba, en 1327 hab\u00eda contratado los servicios de un artista de Pisa para embellecer la catedral que se estaba construyendo durante las primeras d\u00e9cadas del siglo XIV. As\u00ed, consta que en Barcelona Luppo di Francesco se encontraba entre los a\u00f1os 1330 y 1340. Adem\u00e1s, el estilo del sarc\u00f3fago coincide totalmente con otras obras de este artista en la catedral pisana.<\/p>\n<p>Los episodios que se detallan en los relieves del sarc\u00f3fago narran por un lado el martirio de Santa Eulalia despu\u00e9s de despedirse de sus padres, que seg\u00fan la tradici\u00f3n viv\u00edan en Sarri\u00e0 y ella ten\u00eda 13 a\u00f1os, y por otro lado el descubrimiento y primer traslado de las reliquias de la santa desde Santa Mar\u00eda del Mar a la Catedral. Los hechos del martirio se situar\u00edan en el contexto de la feroz persecuci\u00f3n religiosa decretada por el emperador romano Diocleciano, que tuvo lugar en Hispania el a\u00f1o 304 con el prefecto Daciano. Las dos narraciones van seguidas de izquierda a derecha y comienzan en la parte estrecha de la izquierda. En el primer episodio la joven habla con sus padres y se la ve despu\u00e9s caminando ella sola. En la alargada parte central se ven tres escenas: primero la del juicio, en el que el prefecto Daciano la condena; despu\u00e9s la del martirio de los azotes y, en tercer lugar la del martirio de rasgarle la carne del pecho con un gancho cuando ya estaba en la cruz. El sector de la cara estrecha de la derecha representa la muerte en cruz de la santa. Y en la cara alargada posterior figuran; primero la b\u00fasqueda de la sepultura, despu\u00e9s el traslado del cuerpo de la santa llevada sobre las espaldas de los cl\u00e9rigos y por \u00faltimo el descanso del t\u00famulo en el momento en que un cl\u00e9rigo restituye a la mano derecha del cuerpo un dedo que le hab\u00eda robado hac\u00eda poco, cosa que hac\u00eda que el cuerpo pesase tanto que no se pudiera mover hasta entonces. Y en la cara anterior de la tapa se escenifica el traslado definitivo a la actual cripta el a\u00f1o 1339 en el que se puede ver al rey y cuatro obispos que contemplan admirados el cuerpo de la santa antes de ser colocado en el sepulcro.<\/p>\n<p>Es preciso decir, por \u00faltimo, que el sarc\u00f3fago est\u00e1 coronado por cinco im\u00e1genes: cuatro \u00e1ngeles con ciriales y, en medio, la imagen de la Virgen. La cripta tiene una clave de b\u00f3veda que representa la Virgen, Santa Eulalia y el Ni\u00f1o Jes\u00fas que corona a la santa de Barcelona.<\/p>\n<p>Detr\u00e1s del sepulcro g\u00f3tico se encuentra el sepulcro original de santa Eulalia que fue encontrado por el obispo Frodoino el a\u00f1o 878 en el cementerio de Santa Mar\u00eda del Mar y en un m\u00e1rmol partido la inscripci\u00f3n original que lo rememora.[\/vc_column_text][image_with_animation image_url=\u00bb3175&#8243; animation=\u00bbFade In\u00bb hover_animation=\u00bbnone\u00bb alignment=\u00bb\u00bb border_radius=\u00bbnone\u00bb box_shadow=\u00bbnone\u00bb image_loading=\u00bbdefault\u00bb max_width=\u00bb100%\u00bb max_width_mobile=\u00bbdefault\u00bb][\/vc_column][\/vc_row]\n","protected":false},"excerpt":{"rendered":"<p>[vc_row type=\u00bbin_container\u00bb full_screen_row_position=\u00bbmiddle\u00bb column_margin=\u00bbdefault\u00bb column_direction=\u00bbdefault\u00bb column_direction_tablet=\u00bbdefault\u00bb column_direction_phone=\u00bbdefault\u00bb scene_position=\u00bbcenter\u00bb text_color=\u00bbdark\u00bb text_align=\u00bbleft\u00bb row_border_radius=\u00bbnone\u00bb row_border_radius_applies=\u00bbbg\u00bb overlay_strength=\u00bb0.3&#8243; gradient_direction=\u00bbleft_to_right\u00bb shape_divider_position=\u00bbbottom\u00bb bg_image_animation=\u00bbnone\u00bb shape_type=\u00bb\u00bb][vc_column column_padding=\u00bbno-extra-padding\u00bb column_padding_tablet=\u00bbinherit\u00bb column_padding_phone=\u00bbinherit\u00bb column_padding_position=\u00bball\u00bb column_element_spacing=\u00bbdefault\u00bb background_color_opacity=\u00bb1&#8243; background_hover_color_opacity=\u00bb1&#8243; column_shadow=\u00bbnone\u00bb column_border_radius=\u00bbnone\u00bb column_link_target=\u00bb_self\u00bb gradient_direction=\u00bbleft_to_right\u00bb overlay_strength=\u00bb0.3&#8243; width=\u00bb1\/1&#8243;&#8230;<\/p>\n","protected":false},"author":1,"featured_media":0,"parent":2212,"menu_order":0,"comment_status":"closed","ping_status":"closed","template":"","meta":{"xn-wppe-expiration":[],"xn-wppe-expiration-action":[],"xn-wppe-expiration-prefix":[],"footnotes":"","_links_to":"","_links_to_target":""},"class_list":["post-2290","page","type-page","status-publish"],"yoast_head":"<!-- This site is optimized with the Yoast SEO plugin v23.7 - https:\/\/yoast.com\/wordpress\/plugins\/seo\/ -->\n<title>Santa Eulalia - SANTA ESGL\u00c9SIA CATEDRAL BAS\u00cdLICA METROPOLITANA DE BARCELONA<\/title>\n<meta name=\"robots\" content=\"index, follow, max-snippet:-1, max-image-preview:large, max-video-preview:-1\" \/>\n<link rel=\"canonical\" href=\"https:\/\/catedralbcn.org\/es\/culto-y-oracion\/santos\/santa-eulalia\/\" \/>\n<meta property=\"og:locale\" content=\"es_ES\" \/>\n<meta property=\"og:type\" content=\"article\" \/>\n<meta property=\"og:title\" content=\"Santa Eulalia - SANTA ESGL\u00c9SIA CATEDRAL BAS\u00cdLICA METROPOLITANA DE BARCELONA\" \/>\n<meta property=\"og:description\" content=\"[vc_row type=\u00bbin_container\u00bb full_screen_row_position=\u00bbmiddle\u00bb column_margin=\u00bbdefault\u00bb column_direction=\u00bbdefault\u00bb column_direction_tablet=\u00bbdefault\u00bb column_direction_phone=\u00bbdefault\u00bb scene_position=\u00bbcenter\u00bb text_color=\u00bbdark\u00bb text_align=\u00bbleft\u00bb row_border_radius=\u00bbnone\u00bb row_border_radius_applies=\u00bbbg\u00bb overlay_strength=\u00bb0.3&#8243; gradient_direction=\u00bbleft_to_right\u00bb shape_divider_position=\u00bbbottom\u00bb bg_image_animation=\u00bbnone\u00bb shape_type=\u00bb\u00bb][vc_column column_padding=\u00bbno-extra-padding\u00bb column_padding_tablet=\u00bbinherit\u00bb column_padding_phone=\u00bbinherit\u00bb column_padding_position=\u00bball\u00bb column_element_spacing=\u00bbdefault\u00bb background_color_opacity=\u00bb1&#8243; background_hover_color_opacity=\u00bb1&#8243; column_shadow=\u00bbnone\u00bb column_border_radius=\u00bbnone\u00bb column_link_target=\u00bb_self\u00bb gradient_direction=\u00bbleft_to_right\u00bb overlay_strength=\u00bb0.3&#8243; width=\u00bb1\/1&#8243;...\" \/>\n<meta property=\"og:url\" content=\"https:\/\/catedralbcn.org\/es\/culto-y-oracion\/santos\/santa-eulalia\/\" \/>\n<meta property=\"og:site_name\" content=\"SANTA ESGL\u00c9SIA CATEDRAL BAS\u00cdLICA METROPOLITANA DE BARCELONA\" \/>\n<meta property=\"article:modified_time\" content=\"2022-02-04T13:36:32+00:00\" \/>\n<meta name=\"twitter:card\" content=\"summary_large_image\" \/>\n<meta name=\"twitter:label1\" content=\"Tiempo de lectura\" \/>\n\t<meta name=\"twitter:data1\" content=\"4 minutos\" \/>\n<script type=\"application\/ld+json\" class=\"yoast-schema-graph\">{\"@context\":\"https:\/\/schema.org\",\"@graph\":[{\"@type\":\"WebPage\",\"@id\":\"https:\/\/catedralbcn.org\/es\/culto-y-oracion\/santos\/santa-eulalia\/\",\"url\":\"https:\/\/catedralbcn.org\/es\/culto-y-oracion\/santos\/santa-eulalia\/\",\"name\":\"Santa Eulalia - SANTA ESGL\u00c9SIA CATEDRAL BAS\u00cdLICA METROPOLITANA DE BARCELONA\",\"isPartOf\":{\"@id\":\"https:\/\/catedralbcn.org\/es\/#website\"},\"datePublished\":\"2022-01-25T12:57:59+00:00\",\"dateModified\":\"2022-02-04T13:36:32+00:00\",\"breadcrumb\":{\"@id\":\"https:\/\/catedralbcn.org\/es\/culto-y-oracion\/santos\/santa-eulalia\/#breadcrumb\"},\"inLanguage\":\"es\",\"potentialAction\":[{\"@type\":\"ReadAction\",\"target\":[\"https:\/\/catedralbcn.org\/es\/culto-y-oracion\/santos\/santa-eulalia\/\"]}]},{\"@type\":\"BreadcrumbList\",\"@id\":\"https:\/\/catedralbcn.org\/es\/culto-y-oracion\/santos\/santa-eulalia\/#breadcrumb\",\"itemListElement\":[{\"@type\":\"ListItem\",\"position\":1,\"name\":\"Inicio\",\"item\":\"https:\/\/catedralbcn.org\/es\/\"},{\"@type\":\"ListItem\",\"position\":2,\"name\":\"Culto y oraci\u00f3n\",\"item\":\"https:\/\/catedralbcn.org\/es\/culto-y-oracion\/\"},{\"@type\":\"ListItem\",\"position\":3,\"name\":\"Santos\",\"item\":\"https:\/\/catedralbcn.org\/es\/culto-y-oracion\/santos\/\"},{\"@type\":\"ListItem\",\"position\":4,\"name\":\"Santa Eulalia\"}]},{\"@type\":\"WebSite\",\"@id\":\"https:\/\/catedralbcn.org\/es\/#website\",\"url\":\"https:\/\/catedralbcn.org\/es\/\",\"name\":\"SANTA ESGL\u00c9SIA CATEDRAL BAS\u00cdLICA METROPOLITANA DE BARCELONA\",\"description\":\"Catedral de Barcelona\",\"potentialAction\":[{\"@type\":\"SearchAction\",\"target\":{\"@type\":\"EntryPoint\",\"urlTemplate\":\"https:\/\/catedralbcn.org\/es\/?s={search_term_string}\"},\"query-input\":{\"@type\":\"PropertyValueSpecification\",\"valueRequired\":true,\"valueName\":\"search_term_string\"}}],\"inLanguage\":\"es\"}]}<\/script>\n<!-- \/ Yoast SEO plugin. -->","yoast_head_json":{"title":"Santa Eulalia - SANTA ESGL\u00c9SIA CATEDRAL BAS\u00cdLICA METROPOLITANA DE BARCELONA","robots":{"index":"index","follow":"follow","max-snippet":"max-snippet:-1","max-image-preview":"max-image-preview:large","max-video-preview":"max-video-preview:-1"},"canonical":"https:\/\/catedralbcn.org\/es\/culto-y-oracion\/santos\/santa-eulalia\/","og_locale":"es_ES","og_type":"article","og_title":"Santa Eulalia - SANTA ESGL\u00c9SIA CATEDRAL BAS\u00cdLICA METROPOLITANA DE BARCELONA","og_description":"[vc_row type=\u00bbin_container\u00bb full_screen_row_position=\u00bbmiddle\u00bb column_margin=\u00bbdefault\u00bb column_direction=\u00bbdefault\u00bb column_direction_tablet=\u00bbdefault\u00bb column_direction_phone=\u00bbdefault\u00bb scene_position=\u00bbcenter\u00bb text_color=\u00bbdark\u00bb text_align=\u00bbleft\u00bb row_border_radius=\u00bbnone\u00bb row_border_radius_applies=\u00bbbg\u00bb overlay_strength=\u00bb0.3&#8243; gradient_direction=\u00bbleft_to_right\u00bb shape_divider_position=\u00bbbottom\u00bb bg_image_animation=\u00bbnone\u00bb shape_type=\u00bb\u00bb][vc_column column_padding=\u00bbno-extra-padding\u00bb column_padding_tablet=\u00bbinherit\u00bb column_padding_phone=\u00bbinherit\u00bb column_padding_position=\u00bball\u00bb column_element_spacing=\u00bbdefault\u00bb background_color_opacity=\u00bb1&#8243; background_hover_color_opacity=\u00bb1&#8243; column_shadow=\u00bbnone\u00bb column_border_radius=\u00bbnone\u00bb column_link_target=\u00bb_self\u00bb gradient_direction=\u00bbleft_to_right\u00bb overlay_strength=\u00bb0.3&#8243; width=\u00bb1\/1&#8243;...","og_url":"https:\/\/catedralbcn.org\/es\/culto-y-oracion\/santos\/santa-eulalia\/","og_site_name":"SANTA ESGL\u00c9SIA CATEDRAL BAS\u00cdLICA METROPOLITANA DE BARCELONA","article_modified_time":"2022-02-04T13:36:32+00:00","twitter_card":"summary_large_image","twitter_misc":{"Tiempo de lectura":"4 minutos"},"schema":{"@context":"https:\/\/schema.org","@graph":[{"@type":"WebPage","@id":"https:\/\/catedralbcn.org\/es\/culto-y-oracion\/santos\/santa-eulalia\/","url":"https:\/\/catedralbcn.org\/es\/culto-y-oracion\/santos\/santa-eulalia\/","name":"Santa Eulalia - SANTA ESGL\u00c9SIA CATEDRAL BAS\u00cdLICA METROPOLITANA DE BARCELONA","isPartOf":{"@id":"https:\/\/catedralbcn.org\/es\/#website"},"datePublished":"2022-01-25T12:57:59+00:00","dateModified":"2022-02-04T13:36:32+00:00","breadcrumb":{"@id":"https:\/\/catedralbcn.org\/es\/culto-y-oracion\/santos\/santa-eulalia\/#breadcrumb"},"inLanguage":"es","potentialAction":[{"@type":"ReadAction","target":["https:\/\/catedralbcn.org\/es\/culto-y-oracion\/santos\/santa-eulalia\/"]}]},{"@type":"BreadcrumbList","@id":"https:\/\/catedralbcn.org\/es\/culto-y-oracion\/santos\/santa-eulalia\/#breadcrumb","itemListElement":[{"@type":"ListItem","position":1,"name":"Inicio","item":"https:\/\/catedralbcn.org\/es\/"},{"@type":"ListItem","position":2,"name":"Culto y oraci\u00f3n","item":"https:\/\/catedralbcn.org\/es\/culto-y-oracion\/"},{"@type":"ListItem","position":3,"name":"Santos","item":"https:\/\/catedralbcn.org\/es\/culto-y-oracion\/santos\/"},{"@type":"ListItem","position":4,"name":"Santa Eulalia"}]},{"@type":"WebSite","@id":"https:\/\/catedralbcn.org\/es\/#website","url":"https:\/\/catedralbcn.org\/es\/","name":"SANTA ESGL\u00c9SIA CATEDRAL BAS\u00cdLICA METROPOLITANA DE BARCELONA","description":"Catedral de Barcelona","potentialAction":[{"@type":"SearchAction","target":{"@type":"EntryPoint","urlTemplate":"https:\/\/catedralbcn.org\/es\/?s={search_term_string}"},"query-input":{"@type":"PropertyValueSpecification","valueRequired":true,"valueName":"search_term_string"}}],"inLanguage":"es"}]}},"_links":{"self":[{"href":"https:\/\/catedralbcn.org\/es\/wp-json\/wp\/v2\/pages\/2290","targetHints":{"allow":["GET"]}}],"collection":[{"href":"https:\/\/catedralbcn.org\/es\/wp-json\/wp\/v2\/pages"}],"about":[{"href":"https:\/\/catedralbcn.org\/es\/wp-json\/wp\/v2\/types\/page"}],"author":[{"embeddable":true,"href":"https:\/\/catedralbcn.org\/es\/wp-json\/wp\/v2\/users\/1"}],"replies":[{"embeddable":true,"href":"https:\/\/catedralbcn.org\/es\/wp-json\/wp\/v2\/comments?post=2290"}],"version-history":[{"count":0,"href":"https:\/\/catedralbcn.org\/es\/wp-json\/wp\/v2\/pages\/2290\/revisions"}],"up":[{"embeddable":true,"href":"https:\/\/catedralbcn.org\/es\/wp-json\/wp\/v2\/pages\/2212"}],"wp:attachment":[{"href":"https:\/\/catedralbcn.org\/es\/wp-json\/wp\/v2\/media?parent=2290"}],"curies":[{"name":"wp","href":"https:\/\/api.w.org\/{rel}","templated":true}]}}